{"id":2706,"date":"2018-02-16T09:20:45","date_gmt":"2018-02-16T09:20:45","guid":{"rendered":"https:\/\/www.metaform.gr\/?page_id=2706"},"modified":"2025-11-10T16:23:49","modified_gmt":"2025-11-10T14:23:49","slug":"bioklimatische-pergolen","status":"publish","type":"page","link":"https:\/\/www.metaform.gr\/de\/produkte\/bioklimatische-pergolen\/","title":{"rendered":"Bioklimatische Pergolen"},"content":{"rendered":"<div class=\"wpb-content-wrapper\">[vc_row css=&#8220;.vc_custom_1516789705727{padding-top: 50px !important;padding-bottom: 50px !important;}&#8220;][vc_column][vc_custom_heading text=&#8220;Bioklimatische Pergolen&#8220; font_container=&#8220;tag:h1|text_align:center&#8220; use_theme_fonts=&#8220;yes&#8220; css_animation=&#8220;fadeInUp&#8220;][\/vc_column][\/vc_row][vc_row][vc_column css_animation=&#8220;none&#8220; offset=&#8220;vc_col-lg-offset-2 vc_col-lg-8&#8243;][vc_column_text css_animation=&#8220;fadeInUp&#8220; css=&#8220;.vc_custom_1762784632353{padding-bottom: 40px !important;}&#8220; el_class=&#8220;products-content&#8220;]\r\n<p style=\"text-align: center;\"><strong>Bioklimatische Pergolen<\/strong> sind die fortschrittlichste Option f\u00fcr ganzj\u00e4hrige Beschattung und \u00dcberdachung. Sie sind mit Aluminiumlamellen mit variablem Neigungswinkel ausgestattet, mit denen Sie die nat\u00fcrliche Beleuchtung und Bel\u00fcftung Ihres Raums regulieren k\u00f6nnen, sodass Sie im Sommer K\u00fchle und im Winter Schutz genie\u00dfen. Die <strong>bioklimatische Aluminiumpergola<\/strong> ist widerstandsf\u00e4hig gegen Schnee, Regen und starken Wind und funktioniert bei allen Wetterbedingungen reibungslos, wodurch sie eine hervorragende Haltbarkeit und langfristigen Wert gew\u00e4hrleistet.<\/p>\r\n<p style=\"text-align: center;\">Wie bei <a href=\"https:\/\/www.metaform.gr\/de\/produkte\/pergolen\/\"><strong>Tentopergolas<\/strong><\/a> k\u00f6nnen Sie auch in bioklimatische Pergolen ein <a href=\"https:\/\/www.metaform.gr\/de\/produkte\/led-lighting-systems\/\"><strong>LED-Beleuchtungssystem<\/strong><\/a> integrieren und so eine einzigartige Atmosph\u00e4re f\u00fcr den Au\u00dfenbereich bei Tag und Nacht schaffen. Mit ihrem modernen Design und den umfassenden Anpassungsm\u00f6glichkeiten ist die <strong>bioklimatische Pergola von MetaForm<\/strong> die ideale L\u00f6sung f\u00fcr private und gewerbliche R\u00e4ume, die zu jeder Jahreszeit Komfort, \u00c4sthetik und Funktionalit\u00e4t erfordern.<\/p>\r\n[\/vc_column_text][\/vc_column][\/vc_row][vc_row gap=&#8220;15&#8243; equal_height=&#8220;yes&#8220;][vc_column css_animation=&#8220;none&#8220; width=&#8220;1\/2&#8243; css=&#8220;.vc_custom_1514976123410{margin-top: 0px !important;margin-right: 0px !important;margin-bottom: 0px !important;margin-left: 0px !important;border-top-width: 0px !important;border-right-width: 0px !important;border-bottom-width: 0px !important;border-left-width: 0px !important;padding-top: 0px !important;padding-right: 0px !important;padding-bottom: 0px !important;padding-left: 0px !important;}&#8220;][vc_single_image image=&#8220;6863&#8243; img_size=&#8220;full&#8220; add_caption=&#8220;yes&#8220; onclick=&#8220;custom_link&#8220; css_animation=&#8220;fadeInUp&#8220; css=&#8220;.vc_custom_1755508649984{margin-bottom: 10px !important;background-color: #ffffff !important;}&#8220; el_class=&#8220;product-image&#8220; link=&#8220;\/de\/produkte\/bioklimatische-pergolen\/futura\/&#8220;][\/vc_column][vc_column css_animation=&#8220;none&#8220; width=&#8220;1\/2&#8243; css=&#8220;.vc_custom_1514976151361{margin-top: 0px !important;margin-right: 0px !important;margin-bottom: 0px !important;margin-left: 0px !important;border-top-width: 0px !important;border-right-width: 0px !important;border-bottom-width: 0px !important;border-left-width: 0px !important;padding-top: 0px !important;padding-right: 0px !important;padding-bottom: 0px !important;padding-left: 0px !important;}&#8220;][vc_single_image image=&#8220;6866&#8243; img_size=&#8220;full&#8220; add_caption=&#8220;yes&#8220; onclick=&#8220;custom_link&#8220; css_animation=&#8220;fadeInUp&#8220; css=&#8220;.vc_custom_1755508656482{background-color: #ffffff !important;}&#8220; el_class=&#8220;product-image&#8220; link=&#8220;\/de\/produkte\/bioklimatische-pergolen\/persa\/&#8220;][\/vc_column][\/vc_row][vc_row gap=&#8220;15&#8243; equal_height=&#8220;yes&#8220;][vc_column css_animation=&#8220;none&#8220; width=&#8220;1\/4&#8243; css=&#8220;.vc_custom_1514976123410{margin-top: 0px !important;margin-right: 0px !important;margin-bottom: 0px !important;margin-left: 0px !important;border-top-width: 0px !important;border-right-width: 0px !important;border-bottom-width: 0px !important;border-left-width: 0px !important;padding-top: 0px !important;padding-right: 0px !important;padding-bottom: 0px !important;padding-left: 0px !important;}&#8220;][\/vc_column][vc_column css_animation=&#8220;none&#8220; width=&#8220;1\/2&#8243; css=&#8220;.vc_custom_1514976151361{margin-top: 0px !important;margin-right: 0px !important;margin-bottom: 0px !important;margin-left: 0px !important;border-top-width: 0px !important;border-right-width: 0px !important;border-bottom-width: 0px !important;border-left-width: 0px !important;padding-top: 0px !important;padding-right: 0px !important;padding-bottom: 0px !important;padding-left: 0px !important;}&#8220;][vc_single_image image=&#8220;6869&#8243; img_size=&#8220;full&#8220; add_caption=&#8220;yes&#8220; onclick=&#8220;custom_link&#8220; css_animation=&#8220;fadeInUp&#8220; css=&#8220;.vc_custom_1755508662447{background-color: #ffffff !important;}&#8220; el_class=&#8220;product-image&#8220; link=&#8220;https:\/\/www.metaform.gr\/de\/produkte\/bioklimatische-pergolen\/bio-persa\/&#8220;][\/vc_column][\/vc_row][vc_row][vc_column][vc_custom_heading text=&#8220;Wir werden zu Ihrem Schatten&#8220; font_container=&#8220;tag:h2|text_align:center&#8220; use_theme_fonts=&#8220;yes&#8220;][\/vc_column][\/vc_row][vc_row][vc_column css_animation=&#8220;none&#8220; offset=&#8220;vc_col-lg-offset-2 vc_col-lg-8&#8243; css=&#8220;.vc_custom_1518698490599{padding-top: 50px !important;}&#8220;][vc_column_text css_animation=&#8220;fadeInUp&#8220; css=&#8220;.vc_custom_1600346794804{padding-bottom: 20px !important;}&#8220; el_class=&#8220;products-content&#8220;]\r\n<h3 style=\"text-align: center;\">Erz\u00e4hlen Sie uns bitte mehr \u00fcber Ihr Projekt.<\/h3>\r\n<div class=\"ghost-button submit\" style=\"text-align: center;\"><a style=\"position: relative;\" href=\"https:\/\/www.metaform.gr\/de\/angebot-bitten\/\">Angebot bitten<\/a><\/div>\r\n[\/vc_column_text][\/vc_column][\/vc_row]<\/div>","protected":false},"excerpt":{"rendered":"<p>[vc_row css=&#8220;.vc_custom_1516789705727{padding-top: 50px !important;padding-bottom: 50px !important;}&#8220;][vc_column][vc_custom_heading text=&#8220;Bioklimatische Pergolen&#8220; font_container=&#8220;tag:h1|text_align:center&#8220; use_theme_fonts=&#8220;yes&#8220; css_animation=&#8220;fadeInUp&#8220;][\/vc_column][\/vc_row][vc_row][vc_column css_animation=&#8220;none&#8220; offset=&#8220;vc_col-lg-offset-2 vc_col-lg-8&#8243;][vc_column_text css_animation=&#8220;fadeInUp&#8220; css=&#8220;.vc_custom_1762784632353{padding-bottom: 40px !important;}&#8220; el_class=&#8220;products-content&#8220;] Bioklimatische Pergolen sind die fortschrittlichste Option f\u00fcr ganzj\u00e4hrige Beschattung und \u00dcberdachung. Sie sind mit Aluminiumlamellen mit variablem Neigungswinkel ausgestattet, mit denen Sie die nat\u00fcrliche Beleuchtung und Bel\u00fcftung Ihres Raums regulieren k\u00f6nnen, sodass Sie im Sommer K\u00fchle&#8230;  <a href=\"https:\/\/www.metaform.gr\/de\/produkte\/bioklimatische-pergolen\/\" class=\"more-link\" title=\"Read Bioklimatische Pergolen\">Read more &raquo;<\/a><\/p>\n","protected":false},"author":73,"featured_media":2083,"parent":2325,"menu_order":0,"comment_status":"closed","ping_status":"closed","template":"","meta":{"_acf_changed":false,"ngg_post_thumbnail":0,"footnotes":""},"class_list":["post-2706","page","type-page","status-publish","has-post-thumbnail","hentry"],"acf":[],"_links":{"self":[{"href":"https:\/\/www.metaform.gr\/de\/wp-json\/wp\/v2\/pages\/2706","targetHints":{"allow":["GET"]}}],"collection":[{"href":"https:\/\/www.metaform.gr\/de\/wp-json\/wp\/v2\/pages"}],"about":[{"href":"https:\/\/www.metaform.gr\/de\/wp-json\/wp\/v2\/types\/page"}],"author":[{"embeddable":true,"href":"https:\/\/www.metaform.gr\/de\/wp-json\/wp\/v2\/users\/73"}],"replies":[{"embeddable":true,"href":"https:\/\/www.metaform.gr\/de\/wp-json\/wp\/v2\/comments?post=2706"}],"version-history":[{"count":3,"href":"https:\/\/www.metaform.gr\/de\/wp-json\/wp\/v2\/pages\/2706\/revisions"}],"predecessor-version":[{"id":9052,"href":"https:\/\/www.metaform.gr\/de\/wp-json\/wp\/v2\/pages\/2706\/revisions\/9052"}],"up":[{"embeddable":true,"href":"https:\/\/www.metaform.gr\/de\/wp-json\/wp\/v2\/pages\/2325"}],"wp:featuredmedia":[{"embeddable":true,"href":"https:\/\/www.metaform.gr\/de\/wp-json\/wp\/v2\/media\/2083"}],"wp:attachment":[{"href":"https:\/\/www.metaform.gr\/de\/wp-json\/wp\/v2\/media?parent=2706"}],"curies":[{"name":"wp","href":"https:\/\/api.w.org\/{rel}","templated":true}]}}