{"id":2329,"date":"2018-02-09T14:13:02","date_gmt":"2018-02-09T14:13:02","guid":{"rendered":"https:\/\/www.metaform.gr\/?page_id=2329"},"modified":"2025-12-05T14:24:31","modified_gmt":"2025-12-05T12:24:31","slug":"gelaender","status":"publish","type":"page","link":"https:\/\/www.metaform.gr\/de\/produkte\/gelaender\/","title":{"rendered":"Gel\u00e4nder"},"content":{"rendered":"<div class=\"wpb-content-wrapper\">[vc_row full_width=&#8220;stretch_row_content&#8220; equal_height=&#8220;yes&#8220; content_placement=&#8220;middle&#8220; parallax=&#8220;content-moving&#8220; parallax_image=&#8220;2622&#8243; parallax_speed_bg=&#8220;2&#8243; css=&#8220;.vc_custom_1518603942784{padding-top: 140px !important;padding-bottom: 200px !important;}&#8220; el_class=&#8220;products-cover&#8220;][vc_column][\/vc_column][\/vc_row][vc_row css=&#8220;.vc_custom_1764937461409{margin-top: 30px !important;margin-bottom: 60px !important;}&#8220; el_class=&#8220;product-slogan&#8220;][vc_column css_animation=&#8220;none&#8220;][vc_custom_heading text=&#8220;Erh\u00f6hen Sie Baustabilit\u00e4t &amp; Sicherheit Ihrer Pergola&#8220; font_container=&#8220;tag:h2|font_size:32px|text_align:center&#8220; use_theme_fonts=&#8220;yes&#8220; css_animation=&#8220;fadeInUp&#8220; css=&#8220;&#8220; el_class=&#8220;font600&#8243;][\/vc_column][\/vc_row][vc_row full_width=&#8220;stretch_row_content&#8220;][vc_column width=&#8220;1\/2&#8243; css=&#8220;.vc_custom_1514979384650{padding-top: 0px !important;padding-right: 0px !important;padding-bottom: 0px !important;padding-left: 0px !important;}&#8220;][vc_single_image image=&#8220;3879&#8243; img_size=&#8220;full&#8220; css_animation=&#8220;fadeInUp&#8220; el_class=&#8220;w100&#8243;][\/vc_column][vc_column css_animation=&#8220;fadeInUp&#8220; width=&#8220;1\/2&#8243; css=&#8220;.vc_custom_1515070321149{padding-left: 30px !important;}&#8220;][vc_column_text css_animation=&#8220;fadeInUp&#8220; el_class=&#8220;products-content&#8220;]\r\n<h1>Pergola Gel\u00e4nder<\/h1>\r\n<h2>Verst\u00e4rkte St\u00fctzsysteme<\/h2>\r\nAbst\u00fctzung der Pergola.\r\n\r\nVerst\u00e4rktes Aluminiumprofil mit elektrostatischer Lackierung,\r\nrostfreien Verbindungselementen und Plastikabdeckungen.[\/vc_column_text][vc_column_text][\/vc_column_text][\/vc_column][\/vc_row][vc_row full_width=&#8220;stretch_row&#8220; content_placement=&#8220;top&#8220; css=&#8220;.vc_custom_1522139163954{padding-bottom: 40px !important;background-color: #f0f0f0 !important;}&#8220;][vc_column width=&#8220;1\/2&#8243;][vc_column_text css_animation=&#8220;fadeInUp&#8220; el_class=&#8220;products-content&#8220;]\r\n<h3>Aluminiumgel\u00e4nder 160\u00d7140 mit integrierter Dachrinne und S\u00e4ulen 120\u00d7120.<\/h3>\r\nMaximaler Abstand der S\u00e4ulen: 5 Meter.\r\n\r\nGeeignet f\u00fcr Pergolen mit gro\u00dfer Ausladung.\r\n<h4>Aluminiumfarben<\/h4>\r\n<div class=\"ral ral1013 ammos\">Structura 1013<\/div>\r\n<div class=\"ral ral9016 ammos\">Structura 9016<\/div>\r\n<div class=\"ral ral7016 ammos\">Structura 7016<\/div>\r\n<div class=\"ral ral9005 ammos\">Structura 9005<\/div>\r\n<div class=\"ral ral7040 ammos\">Structura 7040<\/div>\r\n<div class=\"ral ral8014 ammos\">Structura 8014<\/div>\r\n<div class=\"ral ral1019 ammos\">Structura 1019<\/div>\r\n[\/vc_column_text][\/vc_column][vc_column css_animation=&#8220;fadeInUp&#8220; width=&#8220;1\/2&#8243;][vc_gallery interval=&#8220;3&#8243; images=&#8220;8665,3728,3731,3736&#8243; img_size=&#8220;760&#215;505&#8243; css_animation=&#8220;fadeInUp&#8220; css=&#8220;&#8220;][\/vc_column][\/vc_row][vc_row full_width=&#8220;stretch_row&#8220; content_placement=&#8220;top&#8220; css=&#8220;.vc_custom_1522139172998{padding-bottom: 40px !important;}&#8220;][vc_column width=&#8220;1\/2&#8243;][vc_gallery interval=&#8220;3&#8243; images=&#8220;3741,3744,3747,3750&#8243; img_size=&#8220;760&#215;505&#8243; css_animation=&#8220;fadeInUp&#8220;][\/vc_column][vc_column css_animation=&#8220;fadeInUp&#8220; width=&#8220;1\/2&#8243;][vc_column_text css_animation=&#8220;fadeInUp&#8220; el_class=&#8220;products-content&#8220;]\r\n<h3>Aluminiumgel\u00e4nder 120\u00d7100 mit integrierter Dachrinne und S\u00e4ulen 100\u00d7100.<\/h3>\r\nMaximaler Abstand der S\u00e4ulen: 4 Meter.\r\nGeeignet f\u00fcr die Pergola Star und Pergolen mit kleiner Ausladung.\r\n<h4>Aluminiumfarben<\/h4>\r\n<div class=\"ral ral1013 ammos\">Structura 1013<\/div>\r\n<div class=\"ral ral9016 ammos\">Structura 9016<\/div>\r\n<div class=\"ral ral7016 ammos\">Structura 7016<\/div>\r\n<div class=\"ral ral9005 ammos\">Structura 9005<\/div>\r\n<div class=\"ral ral7040 ammos\">Structura 7040<\/div>\r\n<div class=\"ral ral8014 ammos\">Structura 8014<\/div>\r\n<div class=\"ral ral1019 ammos\">Structura 1019<\/div>\r\n[\/vc_column_text][\/vc_column][\/vc_row][vc_row full_width=&#8220;stretch_row&#8220; content_placement=&#8220;top&#8220; css=&#8220;.vc_custom_1522139374694{padding-bottom: 40px !important;background-color: #f0f0f0 !important;}&#8220;][vc_column width=&#8220;1\/2&#8243;][vc_column_text css_animation=&#8220;fadeInUp&#8220; el_class=&#8220;products-content&#8220;]\r\n<h3>Aluminiumgel\u00e4nder 160\u00d7120 mit S\u00e4ulen 120\u00d7120.<\/h3>\r\nMaximaler Abstand der S\u00e4ulen: 6 Meter.\r\nGeeignet f\u00fcr die Pergola Persa und gro\u00dfe Pergolen.\r\n<h4>Aluminiumfarben<\/h4>\r\n<div class=\"ral ral1013 ammos\">Structura 1013<\/div>\r\n<div class=\"ral ral9016 ammos\">Structura 9016<\/div>\r\n<div class=\"ral ral7016 ammos\">Structura 7016<\/div>\r\n<div class=\"ral ral9005 ammos\">Structura 9005<\/div>\r\n<div class=\"ral ral7040 ammos\">Structura 7040<\/div>\r\n<div class=\"ral ral8014 ammos\">Structura 8014<\/div>\r\n<div class=\"ral ral1019 ammos\">Structura 1019<\/div>\r\n[\/vc_column_text][\/vc_column][vc_column css_animation=&#8220;fadeInUp&#8220; width=&#8220;1\/2&#8243;][vc_gallery interval=&#8220;5&#8243; images=&#8220;3753,3756,3759,3762&#8243; img_size=&#8220;760&#215;505&#8243; css_animation=&#8220;fadeInUp&#8220;][\/vc_column][\/vc_row][vc_row full_width=&#8220;stretch_row&#8220; content_placement=&#8220;top&#8220; css=&#8220;.vc_custom_1522139364722{padding-bottom: 40px !important;}&#8220;][vc_column width=&#8220;1\/2&#8243;][vc_gallery interval=&#8220;5&#8243; images=&#8220;3774,3765,3768,3771&#8243; img_size=&#8220;760&#215;505&#8243; css_animation=&#8220;fadeInUp&#8220;][\/vc_column][vc_column css_animation=&#8220;fadeInUp&#8220; width=&#8220;1\/2&#8243;][vc_column_text css_animation=&#8220;fadeInUp&#8220; el_class=&#8220;products-content&#8220;]\r\n<h3>Aluminiumgel\u00e4nder 120\u00d780 mit zus\u00e4tzlicher Dachrinne und S\u00e4ulen 120\u00d780.<\/h3>\r\nMaximaler Abstand der S\u00e4ulen: 4 Meter.\r\n<h4>Aluminiumfarben<\/h4>\r\n<div class=\"ral ral1013 ammos\">Structura 1013<\/div>\r\n<div class=\"ral ral9016 ammos\">Structura 9016<\/div>\r\n<div class=\"ral ral7016 ammos\">Structura 7016<\/div>\r\n<div class=\"ral ral9005 ammos\">Structura 9005<\/div>\r\n<div class=\"ral ral7040 ammos\">Structura 7040<\/div>\r\n<div class=\"ral ral8014 ammos\">Structura 8014<\/div>\r\n<div class=\"ral ral1019 ammos\">Structura 1019<\/div>\r\n[\/vc_column_text][\/vc_column][\/vc_row][vc_row][vc_column css_animation=&#8220;none&#8220; offset=&#8220;vc_col-lg-offset-2 vc_col-lg-8&#8243; css=&#8220;.vc_custom_1516790075992{padding-top: 30px !important;}&#8220;][vc_column_text css_animation=&#8220;fadeInUp&#8220; css=&#8220;.vc_custom_1600437862083{padding-bottom: 40px !important;}&#8220; el_class=&#8220;products-content&#8220;]\r\n<h4 style=\"text-align: center;\">Erz\u00e4hlen Sie uns bitte mehr \u00fcber Ihr Projekt.<\/h4>\r\n<div class=\"ghost-button submit\" style=\"text-align: center;\"><a style=\"position: relative;\" href=\"https:\/\/www.metaform.gr\/de\/angebot-bitten\/\">Angebot bitten<\/a><\/div>\r\n[\/vc_column_text][\/vc_column][\/vc_row]<\/div>","protected":false},"excerpt":{"rendered":"<p>[vc_row full_width=&#8220;stretch_row_content&#8220; equal_height=&#8220;yes&#8220; content_placement=&#8220;middle&#8220; parallax=&#8220;content-moving&#8220; parallax_image=&#8220;2622&#8243; parallax_speed_bg=&#8220;2&#8243; css=&#8220;.vc_custom_1518603942784{padding-top: 140px !important;padding-bottom: 200px !important;}&#8220; el_class=&#8220;products-cover&#8220;][vc_column][\/vc_column][\/vc_row][vc_row css=&#8220;.vc_custom_1764937461409{margin-top: 30px !important;margin-bottom: 60px !important;}&#8220; el_class=&#8220;product-slogan&#8220;][vc_column css_animation=&#8220;none&#8220;][vc_custom_heading text=&#8220;Erh\u00f6hen Sie Baustabilit\u00e4t &amp; Sicherheit Ihrer Pergola&#8220; font_container=&#8220;tag:h2|font_size:32px|text_align:center&#8220; use_theme_fonts=&#8220;yes&#8220; css_animation=&#8220;fadeInUp&#8220; css=&#8220;&#8220; el_class=&#8220;font600&#8243;][\/vc_column][\/vc_row][vc_row full_width=&#8220;stretch_row_content&#8220;][vc_column width=&#8220;1\/2&#8243; css=&#8220;.vc_custom_1514979384650{padding-top: 0px !important;padding-right: 0px !important;padding-bottom: 0px !important;padding-left: 0px !important;}&#8220;][vc_single_image image=&#8220;3879&#8243; img_size=&#8220;full&#8220; css_animation=&#8220;fadeInUp&#8220; el_class=&#8220;w100&#8243;][\/vc_column][vc_column css_animation=&#8220;fadeInUp&#8220; width=&#8220;1\/2&#8243; css=&#8220;.vc_custom_1515070321149{padding-left: 30px !important;}&#8220;][vc_column_text css_animation=&#8220;fadeInUp&#8220; el_class=&#8220;products-content&#8220;] Pergola&#8230;  <a href=\"https:\/\/www.metaform.gr\/de\/produkte\/gelaender\/\" class=\"more-link\" title=\"Read Gel\u00e4nder\">Read more &raquo;<\/a><\/p>\n","protected":false},"author":73,"featured_media":3879,"parent":2325,"menu_order":0,"comment_status":"closed","ping_status":"closed","template":"","meta":{"_acf_changed":false,"ngg_post_thumbnail":0,"footnotes":""},"class_list":["post-2329","page","type-page","status-publish","has-post-thumbnail","hentry"],"acf":[],"_links":{"self":[{"href":"https:\/\/www.metaform.gr\/de\/wp-json\/wp\/v2\/pages\/2329","targetHints":{"allow":["GET"]}}],"collection":[{"href":"https:\/\/www.metaform.gr\/de\/wp-json\/wp\/v2\/pages"}],"about":[{"href":"https:\/\/www.metaform.gr\/de\/wp-json\/wp\/v2\/types\/page"}],"author":[{"embeddable":true,"href":"https:\/\/www.metaform.gr\/de\/wp-json\/wp\/v2\/users\/73"}],"replies":[{"embeddable":true,"href":"https:\/\/www.metaform.gr\/de\/wp-json\/wp\/v2\/comments?post=2329"}],"version-history":[{"count":4,"href":"https:\/\/www.metaform.gr\/de\/wp-json\/wp\/v2\/pages\/2329\/revisions"}],"predecessor-version":[{"id":9159,"href":"https:\/\/www.metaform.gr\/de\/wp-json\/wp\/v2\/pages\/2329\/revisions\/9159"}],"up":[{"embeddable":true,"href":"https:\/\/www.metaform.gr\/de\/wp-json\/wp\/v2\/pages\/2325"}],"wp:featuredmedia":[{"embeddable":true,"href":"https:\/\/www.metaform.gr\/de\/wp-json\/wp\/v2\/media\/3879"}],"wp:attachment":[{"href":"https:\/\/www.metaform.gr\/de\/wp-json\/wp\/v2\/media?parent=2329"}],"curies":[{"name":"wp","href":"https:\/\/api.w.org\/{rel}","templated":true}]}}