{"id":2328,"date":"2018-02-09T14:12:08","date_gmt":"2018-02-09T14:12:08","guid":{"rendered":"https:\/\/www.metaform.gr\/?page_id=2328"},"modified":"2025-11-10T16:20:16","modified_gmt":"2025-11-10T14:20:16","slug":"pergolen","status":"publish","type":"page","link":"https:\/\/www.metaform.gr\/de\/produkte\/pergolen\/","title":{"rendered":"Pergolen"},"content":{"rendered":"<div class=\"wpb-content-wrapper\">[vc_row css=&#8220;.vc_custom_1516789705727{padding-top: 50px !important;padding-bottom: 50px !important;}&#8220;][vc_column][vc_custom_heading text=&#8220;Tentopergolen&#8220; font_container=&#8220;tag:h1|text_align:center&#8220; use_theme_fonts=&#8220;yes&#8220; css_animation=&#8220;fadeInUp&#8220; css=&#8220;&#8220;][\/vc_column][\/vc_row][vc_row][vc_column css_animation=&#8220;none&#8220; offset=&#8220;vc_col-lg-offset-2 vc_col-lg-8&#8243;][vc_column_text css_animation=&#8220;fadeInUp&#8220; css=&#8220;.vc_custom_1762784418964{padding-bottom: 40px !important;}&#8220; el_class=&#8220;products-content&#8220;]\r\n<p style=\"text-align: center;\">MetaForm bietet Ihnen eine gro\u00dfe Auswahl an <strong>Pergolen f\u00fcr den Au\u00dfenbereich<\/strong>, sodass Sie diejenige ausw\u00e4hlen k\u00f6nnen, die Ihren Bed\u00fcrfnissen und Anforderungen am besten entspricht. Die Pergola ist eine klassische Aluminium-Pergola, die <strong>mit einer PVC-Block-Out-Abdeckung<\/strong> und einer voreingestellten Neigung ausgestattet ist, die vollst\u00e4ndigen Schutz vor Sonne und Regen gew\u00e4hrleistet.<\/p>\r\n<p style=\"text-align: center;\">Die <strong>Installation einer Tentopergola<\/strong> ist eine hervorragende L\u00f6sung, um gro\u00dfe Freifl\u00e4chen zu beschatten und zu \u00fcberdachen, und gleichzeitig eine ideale Wahl, um Ihren verf\u00fcgbaren Platz auf elegante und funktionale Weise zu erweitern.<\/p>\r\n<p style=\"text-align: center;\"><strong>Aluminium Tentopergolen<\/strong> verbinden Langlebigkeit, Funktionalit\u00e4t und \u00c4sthetik und sind eine Investition, die jeden Au\u00dfenbereich aufwertet, egal ob gewerblich oder privat. Dar\u00fcber hinaus k\u00f6nnen sie mit <a href=\"https:\/\/www.metaform.gr\/de\/produkte\/vertikale-beschattungssysteme\/senkrechte-kassette-star\/\"><strong>vertikalen ZIP-Beschattungssystemen<\/strong><\/a> und <a href=\"https:\/\/www.metaform.gr\/de\/produkte\/led-lighting-systems\/\"><strong>LED-Beleuchtungssystemen<\/strong><\/a> ausgestattet werden, die jeder Anlage Charakter und zeitlose Eleganz verleihen.<\/p>\r\n[\/vc_column_text][\/vc_column][\/vc_row][vc_row gap=&#8220;15&#8243; equal_height=&#8220;yes&#8220;][vc_column css_animation=&#8220;none&#8220; width=&#8220;1\/2&#8243; css=&#8220;.vc_custom_1514976123410{margin-top: 0px !important;margin-right: 0px !important;margin-bottom: 0px !important;margin-left: 0px !important;border-top-width: 0px !important;border-right-width: 0px !important;border-bottom-width: 0px !important;border-left-width: 0px !important;padding-top: 0px !important;padding-right: 0px !important;padding-bottom: 0px !important;padding-left: 0px !important;}&#8220;][vc_single_image image=&#8220;2059&#8243; img_size=&#8220;full&#8220; add_caption=&#8220;yes&#8220; onclick=&#8220;custom_link&#8220; css_animation=&#8220;fadeInUp&#8220; css=&#8220;.vc_custom_1519827641603{margin-top: -5px !important;background-color: #ffffff !important;}&#8220; el_class=&#8220;product-image&#8220; link=&#8220;\/de\/produkte\/pergolen\/star\/&#8220;][\/vc_column][vc_column css_animation=&#8220;none&#8220; width=&#8220;1\/2&#8243; css=&#8220;.vc_custom_1514976151361{margin-top: 0px !important;margin-right: 0px !important;margin-bottom: 0px !important;margin-left: 0px !important;border-top-width: 0px !important;border-right-width: 0px !important;border-bottom-width: 0px !important;border-left-width: 0px !important;padding-top: 0px !important;padding-right: 0px !important;padding-bottom: 0px !important;padding-left: 0px !important;}&#8220;][vc_single_image image=&#8220;2062&#8243; img_size=&#8220;full&#8220; add_caption=&#8220;yes&#8220; onclick=&#8220;custom_link&#8220; css_animation=&#8220;fadeInUp&#8220; css=&#8220;.vc_custom_1519827669024{margin-top: -5px !important;background-color: #ffffff !important;}&#8220; el_class=&#8220;product-image&#8220; link=&#8220;\/de\/produkte\/pergolen\/magna\/&#8220;][\/vc_column][\/vc_row][vc_row gap=&#8220;15&#8243; equal_height=&#8220;yes&#8220;][vc_column css_animation=&#8220;none&#8220; width=&#8220;1\/2&#8243; css=&#8220;.vc_custom_1514976123410{margin-top: 0px !important;margin-right: 0px !important;margin-bottom: 0px !important;margin-left: 0px !important;border-top-width: 0px !important;border-right-width: 0px !important;border-bottom-width: 0px !important;border-left-width: 0px !important;padding-top: 0px !important;padding-right: 0px !important;padding-bottom: 0px !important;padding-left: 0px !important;}&#8220;][vc_single_image image=&#8220;2070&#8243; img_size=&#8220;full&#8220; add_caption=&#8220;yes&#8220; onclick=&#8220;custom_link&#8220; css_animation=&#8220;fadeInUp&#8220; css=&#8220;.vc_custom_1519827648736{background-color: #ffffff !important;}&#8220; el_class=&#8220;product-image&#8220; link=&#8220;\/de\/produkte\/pergolen\/mega\/&#8220;][\/vc_column][vc_column width=&#8220;1\/2&#8243; css=&#8220;.vc_custom_1519738285917{margin-top: 0px !important;margin-right: 0px !important;margin-bottom: 0px !important;margin-left: 0px !important;border-top-width: 0px !important;border-right-width: 0px !important;border-bottom-width: 0px !important;border-left-width: 0px !important;padding-top: 0px !important;padding-right: 0px !important;padding-bottom: 0px !important;padding-left: 0px !important;}&#8220;][vc_single_image image=&#8220;2073&#8243; img_size=&#8220;full&#8220; add_caption=&#8220;yes&#8220; onclick=&#8220;custom_link&#8220; css_animation=&#8220;fadeInUp&#8220; css=&#8220;.vc_custom_1519827662480{background-color: #ffffff !important;}&#8220; el_class=&#8220;product-image&#8220; link=&#8220;\/de\/produkte\/pergolen\/arch\/&#8220;][\/vc_column][\/vc_row][vc_row gap=&#8220;15&#8243; equal_height=&#8220;yes&#8220;][vc_column css_animation=&#8220;none&#8220; width=&#8220;1\/2&#8243; css=&#8220;.vc_custom_1514976123410{margin-top: 0px !important;margin-right: 0px !important;margin-bottom: 0px !important;margin-left: 0px !important;border-top-width: 0px !important;border-right-width: 0px !important;border-bottom-width: 0px !important;border-left-width: 0px !important;padding-top: 0px !important;padding-right: 0px !important;padding-bottom: 0px !important;padding-left: 0px !important;}&#8220;][vc_single_image image=&#8220;2077&#8243; img_size=&#8220;full&#8220; add_caption=&#8220;yes&#8220; onclick=&#8220;custom_link&#8220; css_animation=&#8220;fadeInUp&#8220; css=&#8220;.vc_custom_1519827656165{background-color: #ffffff !important;}&#8220; el_class=&#8220;product-image&#8220; link=&#8220;\/de\/produkte\/pergolen\/top-star\/&#8220;][\/vc_column][vc_column css_animation=&#8220;none&#8220; width=&#8220;1\/2&#8243; css=&#8220;.vc_custom_1514976151361{margin-top: 0px !important;margin-right: 0px !important;margin-bottom: 0px !important;margin-left: 0px !important;border-top-width: 0px !important;border-right-width: 0px !important;border-bottom-width: 0px !important;border-left-width: 0px !important;padding-top: 0px !important;padding-right: 0px !important;padding-bottom: 0px !important;padding-left: 0px !important;}&#8220;][vc_single_image image=&#8220;6071&#8243; img_size=&#8220;full&#8220; add_caption=&#8220;yes&#8220; onclick=&#8220;custom_link&#8220; css_animation=&#8220;fadeInUp&#8220; css=&#8220;.vc_custom_1617175622697{background-color: #ffffff !important;}&#8220; el_class=&#8220;product-image&#8220; link=&#8220;\/de\/produkte\/pergolen\/cronos\/&#8220;][\/vc_column][\/vc_row][vc_row gap=&#8220;15&#8243; equal_height=&#8220;yes&#8220;][vc_column css_animation=&#8220;none&#8220; css=&#8220;.vc_custom_1514976123410{margin-top: 0px !important;margin-right: 0px !important;margin-bottom: 0px !important;margin-left: 0px !important;border-top-width: 0px !important;border-right-width: 0px !important;border-bottom-width: 0px !important;border-left-width: 0px !important;padding-top: 0px !important;padding-right: 0px !important;padding-bottom: 0px !important;padding-left: 0px !important;}&#8220;][vc_custom_heading text=&#8220;Wir werden zu Ihrem Schatten&#8220; font_container=&#8220;tag:h2|text_align:center&#8220; use_theme_fonts=&#8220;yes&#8220;][\/vc_column][\/vc_row][vc_row][vc_column css_animation=&#8220;none&#8220; offset=&#8220;vc_col-lg-offset-2 vc_col-lg-8&#8243; css=&#8220;.vc_custom_1518698500311{padding-top: 50px !important;}&#8220;][vc_column_text css_animation=&#8220;fadeInUp&#8220; css=&#8220;.vc_custom_1600346347411{padding-bottom: 20px !important;}&#8220; el_class=&#8220;products-content&#8220;]\r\n<h3 style=\"text-align: center;\">Erz\u00e4hlen Sie uns bitte mehr \u00fcber Ihr Projekt.<\/h3>\r\n<div class=\"ghost-button submit\" style=\"text-align: center;\"><a style=\"position: relative;\" href=\"https:\/\/www.metaform.gr\/de\/angebot-bitten\/\">Angebot bitten<\/a><\/div>\r\n[\/vc_column_text][\/vc_column][\/vc_row]<\/div>","protected":false},"excerpt":{"rendered":"<p>[vc_row css=&#8220;.vc_custom_1516789705727{padding-top: 50px !important;padding-bottom: 50px !important;}&#8220;][vc_column][vc_custom_heading text=&#8220;Tentopergolen&#8220; font_container=&#8220;tag:h1|text_align:center&#8220; use_theme_fonts=&#8220;yes&#8220; css_animation=&#8220;fadeInUp&#8220; css=&#8220;&#8220;][\/vc_column][\/vc_row][vc_row][vc_column css_animation=&#8220;none&#8220; offset=&#8220;vc_col-lg-offset-2 vc_col-lg-8&#8243;][vc_column_text css_animation=&#8220;fadeInUp&#8220; css=&#8220;.vc_custom_1762784418964{padding-bottom: 40px !important;}&#8220; el_class=&#8220;products-content&#8220;] MetaForm bietet Ihnen eine gro\u00dfe Auswahl an Pergolen f\u00fcr den Au\u00dfenbereich, sodass Sie diejenige ausw\u00e4hlen k\u00f6nnen, die Ihren Bed\u00fcrfnissen und Anforderungen am besten entspricht. Die Pergola ist eine klassische Aluminium-Pergola, die mit einer PVC-Block-Out-Abdeckung und einer&#8230;  <a href=\"https:\/\/www.metaform.gr\/de\/produkte\/pergolen\/\" class=\"more-link\" title=\"Read Pergolen\">Read more &raquo;<\/a><\/p>\n","protected":false},"author":73,"featured_media":2062,"parent":2325,"menu_order":0,"comment_status":"closed","ping_status":"closed","template":"","meta":{"_acf_changed":false,"ngg_post_thumbnail":0,"footnotes":""},"class_list":["post-2328","page","type-page","status-publish","has-post-thumbnail","hentry"],"acf":[],"_links":{"self":[{"href":"https:\/\/www.metaform.gr\/de\/wp-json\/wp\/v2\/pages\/2328","targetHints":{"allow":["GET"]}}],"collection":[{"href":"https:\/\/www.metaform.gr\/de\/wp-json\/wp\/v2\/pages"}],"about":[{"href":"https:\/\/www.metaform.gr\/de\/wp-json\/wp\/v2\/types\/page"}],"author":[{"embeddable":true,"href":"https:\/\/www.metaform.gr\/de\/wp-json\/wp\/v2\/users\/73"}],"replies":[{"embeddable":true,"href":"https:\/\/www.metaform.gr\/de\/wp-json\/wp\/v2\/comments?post=2328"}],"version-history":[{"count":3,"href":"https:\/\/www.metaform.gr\/de\/wp-json\/wp\/v2\/pages\/2328\/revisions"}],"predecessor-version":[{"id":9047,"href":"https:\/\/www.metaform.gr\/de\/wp-json\/wp\/v2\/pages\/2328\/revisions\/9047"}],"up":[{"embeddable":true,"href":"https:\/\/www.metaform.gr\/de\/wp-json\/wp\/v2\/pages\/2325"}],"wp:featuredmedia":[{"embeddable":true,"href":"https:\/\/www.metaform.gr\/de\/wp-json\/wp\/v2\/media\/2062"}],"wp:attachment":[{"href":"https:\/\/www.metaform.gr\/de\/wp-json\/wp\/v2\/media?parent=2328"}],"curies":[{"name":"wp","href":"https:\/\/api.w.org\/{rel}","templated":true}]}}