{"id":2326,"date":"2018-02-09T14:13:13","date_gmt":"2018-02-09T14:13:13","guid":{"rendered":"https:\/\/www.metaform.gr\/?page_id=2326"},"modified":"2025-12-05T14:25:33","modified_gmt":"2025-12-05T12:25:33","slug":"daecher","status":"publish","type":"page","link":"https:\/\/www.metaform.gr\/de\/produkte\/daecher\/","title":{"rendered":"D\u00e4cher"},"content":{"rendered":"<div class=\"wpb-content-wrapper\">[vc_row full_width=&#8220;stretch_row_content&#8220; equal_height=&#8220;yes&#8220; content_placement=&#8220;middle&#8220; parallax=&#8220;content-moving&#8220; parallax_image=&#8220;3695&#8243; parallax_speed_bg=&#8220;2&#8243; css=&#8220;.vc_custom_1522067822512{padding-top: 140px !important;padding-bottom: 200px !important;}&#8220; el_class=&#8220;products-cover&#8220;][vc_column][\/vc_column][\/vc_row][vc_row css=&#8220;.vc_custom_1764937525940{margin-top: 30px !important;margin-bottom: 60px !important;}&#8220; el_class=&#8220;product-slogan&#8220;][vc_column css_animation=&#8220;none&#8220;][vc_custom_heading text=&#8220;Bedecken Sie Ihren Raum g\u00e4nzlich\r\nund sch\u00fctzen Sie gleichzeitig das Abdeckungsmaterial&#8220; font_container=&#8220;tag:h2|font_size:32px|text_align:center&#8220; use_theme_fonts=&#8220;yes&#8220; css_animation=&#8220;fadeInUp&#8220; css=&#8220;&#8220; el_class=&#8220;font600&#8243;][\/vc_column][\/vc_row][vc_row full_width=&#8220;stretch_row_content&#8220;][vc_column width=&#8220;1\/2&#8243; css=&#8220;.vc_custom_1514979384650{padding-top: 0px !important;padding-right: 0px !important;padding-bottom: 0px !important;padding-left: 0px !important;}&#8220;][vc_single_image image=&#8220;3699&#8243; img_size=&#8220;full&#8220; css_animation=&#8220;fadeInUp&#8220; el_class=&#8220;w100&#8243;][\/vc_column][vc_column css_animation=&#8220;fadeInUp&#8220; width=&#8220;1\/2&#8243; css=&#8220;.vc_custom_1515070321149{padding-left: 30px !important;}&#8220;][vc_column_text el_class=&#8220;products-content&#8220;]\r\n<h1>Pergola D\u00e4cher<\/h1>\r\n<h2>Stabilit\u00e4t, einwandfreie \u00c4sthetik<\/h2>\r\nSysteme zur erg\u00e4nzenden \u00dcberdachung der\r\nZwischenr\u00e4ume und Schutz f\u00fcr das Abdeckungs-\r\nund Beschattungsmaterial.\r\n\r\nDie \u00dcberdachung wird ausschlie\u00dflich f\u00fcr die Pergolen angeboten Star und Magna.\r\n\r\n<strong>Schutzdach mit Spezialabmessungen auf Bestellungauf Bestellung<\/strong>\r\nKompatibel zu den Pergolen Star und Magna\r\nAbdeckung gr\u00f6\u00dferer Zwischenr\u00e4ume, Installation\r\nauf der Pergola, Schutz des Bedeckungs- oder\r\nBeschattungsmaterials beim Raffen an die\r\nhintere Ausgangsposition.[\/vc_column_text][vc_column_text][\/vc_column_text][\/vc_column][\/vc_row][vc_row full_width=&#8220;stretch_row&#8220; css=&#8220;.vc_custom_1522067619444{background-color: #f0f0f0 !important;}&#8220;][vc_column css_animation=&#8220;fadeInUp&#8220; width=&#8220;1\/2&#8243; css=&#8220;.vc_custom_1515068953449{margin-top: 0px !important;margin-right: 0px !important;margin-bottom: 0px !important;margin-left: 0px !important;border-top-width: 0px !important;border-right-width: 0px !important;border-bottom-width: 0px !important;border-left-width: 0px !important;padding-top: 0px !important;padding-right: 0px !important;padding-bottom: 0px !important;padding-left: 0px !important;}&#8220;][vc_custom_heading text=&#8220;Leichte Montage ohne Einschr\u00e4nkungen bei der Anpassung.&#8220; font_container=&#8220;tag:h3|text_align:left&#8220; use_theme_fonts=&#8220;yes&#8220; css_animation=&#8220;fadeInUp&#8220; css=&#8220;.vc_custom_1522069439568{padding-top: 30px !important;}&#8220;][vc_column_text css_animation=&#8220;fadeInUp&#8220; el_class=&#8220;products-content&#8220;]Mit Vorsehungen f\u00fcr die Standard- oder Spezialanwendung entsprechend dem jeweiligen Beschattungssystem.\r\n\r\nWetterfest.\r\nVerst\u00e4rkte Aluminiumprofile in\r\nStructura 1013, Structura 9016 oder Structura 7016.\r\nErh\u00e4ltlich in Polycarbonat oder Aluminium.\r\n\r\n&nbsp;[\/vc_column_text][\/vc_column][vc_column width=&#8220;1\/2&#8243;][vc_single_image image=&#8220;3706&#8243; img_size=&#8220;full&#8220; css_animation=&#8220;fadeInUp&#8220;][\/vc_column][\/vc_row][vc_row][vc_column css_animation=&#8220;none&#8220; offset=&#8220;vc_col-lg-offset-2 vc_col-lg-8&#8243; css=&#8220;.vc_custom_1516790075992{padding-top: 30px !important;}&#8220;][vc_column_text css_animation=&#8220;fadeInUp&#8220; css=&#8220;.vc_custom_1600437310245{padding-bottom: 40px !important;}&#8220; el_class=&#8220;products-content&#8220;]\r\n<h4 style=\"text-align: center;\">Erz\u00e4hlen Sie uns bitte mehr \u00fcber Ihr Projekt.<\/h4>\r\n<div class=\"ghost-button submit\" style=\"text-align: center;\"><a style=\"position: relative;\" href=\"https:\/\/www.metaform.gr\/de\/angebot-bitten\/\">Angebot bitten<\/a><\/div>\r\n[\/vc_column_text][\/vc_column][\/vc_row]<\/div>","protected":false},"excerpt":{"rendered":"<p>[vc_row full_width=&#8220;stretch_row_content&#8220; equal_height=&#8220;yes&#8220; content_placement=&#8220;middle&#8220; parallax=&#8220;content-moving&#8220; parallax_image=&#8220;3695&#8243; parallax_speed_bg=&#8220;2&#8243; css=&#8220;.vc_custom_1522067822512{padding-top: 140px !important;padding-bottom: 200px !important;}&#8220; el_class=&#8220;products-cover&#8220;][vc_column][\/vc_column][\/vc_row][vc_row css=&#8220;.vc_custom_1764937525940{margin-top: 30px !important;margin-bottom: 60px !important;}&#8220; el_class=&#8220;product-slogan&#8220;][vc_column css_animation=&#8220;none&#8220;][vc_custom_heading text=&#8220;Bedecken Sie Ihren Raum g\u00e4nzlich und sch\u00fctzen Sie gleichzeitig das Abdeckungsmaterial&#8220; font_container=&#8220;tag:h2|font_size:32px|text_align:center&#8220; use_theme_fonts=&#8220;yes&#8220; css_animation=&#8220;fadeInUp&#8220; css=&#8220;&#8220; el_class=&#8220;font600&#8243;][\/vc_column][\/vc_row][vc_row full_width=&#8220;stretch_row_content&#8220;][vc_column width=&#8220;1\/2&#8243; css=&#8220;.vc_custom_1514979384650{padding-top: 0px !important;padding-right: 0px !important;padding-bottom: 0px !important;padding-left: 0px !important;}&#8220;][vc_single_image image=&#8220;3699&#8243; img_size=&#8220;full&#8220; css_animation=&#8220;fadeInUp&#8220; el_class=&#8220;w100&#8243;][\/vc_column][vc_column css_animation=&#8220;fadeInUp&#8220; width=&#8220;1\/2&#8243; css=&#8220;.vc_custom_1515070321149{padding-left: 30px&#8230;  <a href=\"https:\/\/www.metaform.gr\/de\/produkte\/daecher\/\" class=\"more-link\" title=\"Read D\u00e4cher\">Read more &raquo;<\/a><\/p>\n","protected":false},"author":73,"featured_media":3699,"parent":2325,"menu_order":0,"comment_status":"closed","ping_status":"closed","template":"","meta":{"_acf_changed":false,"ngg_post_thumbnail":0,"footnotes":""},"class_list":["post-2326","page","type-page","status-publish","has-post-thumbnail","hentry"],"acf":[],"_links":{"self":[{"href":"https:\/\/www.metaform.gr\/de\/wp-json\/wp\/v2\/pages\/2326","targetHints":{"allow":["GET"]}}],"collection":[{"href":"https:\/\/www.metaform.gr\/de\/wp-json\/wp\/v2\/pages"}],"about":[{"href":"https:\/\/www.metaform.gr\/de\/wp-json\/wp\/v2\/types\/page"}],"author":[{"embeddable":true,"href":"https:\/\/www.metaform.gr\/de\/wp-json\/wp\/v2\/users\/73"}],"replies":[{"embeddable":true,"href":"https:\/\/www.metaform.gr\/de\/wp-json\/wp\/v2\/comments?post=2326"}],"version-history":[{"count":3,"href":"https:\/\/www.metaform.gr\/de\/wp-json\/wp\/v2\/pages\/2326\/revisions"}],"predecessor-version":[{"id":9163,"href":"https:\/\/www.metaform.gr\/de\/wp-json\/wp\/v2\/pages\/2326\/revisions\/9163"}],"up":[{"embeddable":true,"href":"https:\/\/www.metaform.gr\/de\/wp-json\/wp\/v2\/pages\/2325"}],"wp:featuredmedia":[{"embeddable":true,"href":"https:\/\/www.metaform.gr\/de\/wp-json\/wp\/v2\/media\/3699"}],"wp:attachment":[{"href":"https:\/\/www.metaform.gr\/de\/wp-json\/wp\/v2\/media?parent=2326"}],"curies":[{"name":"wp","href":"https:\/\/api.w.org\/{rel}","templated":true}]}}