{"id":2325,"date":"2018-02-09T14:13:53","date_gmt":"2018-02-09T14:13:53","guid":{"rendered":"https:\/\/www.metaform.gr\/?page_id=2325"},"modified":"2026-02-04T13:41:52","modified_gmt":"2026-02-04T11:41:52","slug":"produkte","status":"publish","type":"page","link":"https:\/\/www.metaform.gr\/de\/produkte\/","title":{"rendered":"Produkte"},"content":{"rendered":"<div class=\"wpb-content-wrapper\">[vc_row full_width=&#8220;stretch_row_content&#8220; equal_height=&#8220;yes&#8220; content_placement=&#8220;middle&#8220; parallax=&#8220;content-moving&#8220; parallax_image=&#8220;9084&#8243; parallax_speed_bg=&#8220;2&#8243; css=&#8220;.vc_custom_1764933770227{padding-top: 100px !important;padding-bottom: 160px !important;}&#8220; el_class=&#8220;cover company-cover&#8220;][vc_column][\/vc_column][\/vc_row][vc_row][vc_column css_animation=&#8220;none&#8220; offset=&#8220;vc_col-lg-offset-2 vc_col-lg-8&#8243;][vc_custom_heading text=&#8220;Aluminium Pergola Systeme&#8220; font_container=&#8220;tag:h1|text_align:left&#8220; google_fonts=&#8220;font_family:Open%20Sans%3A300%2C300italic%2Cregular%2Citalic%2C600%2C600italic%2C700%2C700italic%2C800%2C800italic|font_style:600%20bold%20regular%3A600%3Anormal&#8220; css_animation=&#8220;none&#8220;][vc_empty_space height=&#8220;1px&#8220;][vc_column_text]\r\n<p style=\"font-size: 18px;\">Unsere Produkte integrieren besondere Entwurfs-\r\nund Produktionselemente sowie konkrete Eigenschaften ausgew\u00e4hlter Materialien,\r\num Ihnen immer Zuverl\u00e4ssigkeit, Funktionalit\u00e4t und \u00c4sthetik bieten zu k\u00f6nnen.<\/p>\r\n[\/vc_column_text][vc_column_text css_animation=&#8220;fadeInUp&#8220; css=&#8220;.vc_custom_1600341484417{padding-bottom: 40px !important;}&#8220; el_class=&#8220;products-content&#8220;]\r\n\r\nBieten wir die Optionen leicht zu bedienender Elektroantriebe, Fernbedienung, Automatisierungen sowie individuelle Auswahl der Farben f\u00fcr die optimale Anpassung unserer Systeme an Ihre Bed\u00fcrfnisse.\r\n\r\nAlle unsere Produkte sind komplett parametrisierbar und liefern daher L\u00f6sungen selbst f\u00fcr die schwierigsten Anwendungen. Mit Richtschnur die Besonderheiten des jeweiligen Raumes schlagen wir L\u00f6sungen vor, die Sicherheit und Best\u00e4ndigkeit auch unter den schwierigsten Witterungsbedingungen bieten. Sommer wie Winter!\r\n\r\n[\/vc_column_text][\/vc_column][\/vc_row][vc_row full_width=&#8220;stretch_row_content&#8220; equal_height=&#8220;yes&#8220;][vc_column css_animation=&#8220;none&#8220; width=&#8220;1\/3&#8243; css=&#8220;.vc_custom_1514976123410{margin-top: 0px !important;margin-right: 0px !important;margin-bottom: 0px !important;margin-left: 0px !important;border-top-width: 0px !important;border-right-width: 0px !important;border-bottom-width: 0px !important;border-left-width: 0px !important;padding-top: 0px !important;padding-right: 0px !important;padding-bottom: 0px !important;padding-left: 0px !important;}&#8220;][vc_single_image image=&#8220;3181&#8243; img_size=&#8220;full&#8220; add_caption=&#8220;yes&#8220; onclick=&#8220;custom_link&#8220; css_animation=&#8220;fadeInUp&#8220; css=&#8220;.vc_custom_1689257761619{padding-top: 5px !important;padding-right: 5px !important;padding-bottom: 5px !important;background-color: #ffffff !important;}&#8220; el_class=&#8220;product-image width100&#8243; link=&#8220;\/de\/produkte\/pergolen\/&#8220;][\/vc_column][vc_column css_animation=&#8220;none&#8220; width=&#8220;1\/3&#8243; css=&#8220;.vc_custom_1514976151361{margin-top: 0px !important;margin-right: 0px !important;margin-bottom: 0px !important;margin-left: 0px !important;border-top-width: 0px !important;border-right-width: 0px !important;border-bottom-width: 0px !important;border-left-width: 0px !important;padding-top: 0px !important;padding-right: 0px !important;padding-bottom: 0px !important;padding-left: 0px !important;}&#8220;][vc_single_image image=&#8220;7907&#8243; img_size=&#8220;full&#8220; add_caption=&#8220;yes&#8220; onclick=&#8220;custom_link&#8220; css_animation=&#8220;fadeInUp&#8220; css=&#8220;.vc_custom_1730986326912{padding-top: 5px !important;padding-right: 2.5px !important;padding-bottom: 5px !important;padding-left: 2.5px !important;background-color: #ffffff !important;}&#8220; el_class=&#8220;product-image width100&#8243; link=&#8220;\/de\/produkte\/bioklimatische-pergolen\/&#8220;][\/vc_column][vc_column width=&#8220;1\/3&#8243; css=&#8220;.vc_custom_1730986193358{margin-top: 0px !important;margin-right: 0px !important;margin-bottom: 0px !important;margin-left: 0px !important;border-top-width: 0px !important;border-right-width: 0px !important;border-bottom-width: 0px !important;border-left-width: 0px !important;padding-top: 0px !important;padding-right: 0px !important;padding-bottom: 0px !important;padding-left: 0px !important;}&#8220;][vc_single_image image=&#8220;3184&#8243; img_size=&#8220;full&#8220; add_caption=&#8220;yes&#8220; onclick=&#8220;custom_link&#8220; css_animation=&#8220;fadeInUp&#8220; css=&#8220;.vc_custom_1689257773516{padding-top: 5px !important;padding-right: 0px !important;padding-bottom: 5px !important;padding-left: 5px !important;background-color: #ffffff !important;}&#8220; el_class=&#8220;product-image width100&#8243; link=&#8220;\/de\/produkte\/bioklimatische-pergolen\/&#8220;][\/vc_column][\/vc_row][vc_row full_width=&#8220;stretch_row_content&#8220; equal_height=&#8220;yes&#8220;][vc_column css_animation=&#8220;none&#8220; width=&#8220;1\/4&#8243; css=&#8220;.vc_custom_1514976184128{margin-top: 0px !important;margin-right: 0px !important;margin-bottom: 0px !important;margin-left: 0px !important;border-top-width: 0px !important;border-right-width: 0px !important;border-bottom-width: 0px !important;border-left-width: 0px !important;padding-top: 0px !important;padding-right: 0px !important;padding-bottom: 0px !important;padding-left: 0px !important;}&#8220;][vc_single_image image=&#8220;3187&#8243; img_size=&#8220;full&#8220; add_caption=&#8220;yes&#8220; onclick=&#8220;custom_link&#8220; css_animation=&#8220;fadeInUp&#8220; css=&#8220;.vc_custom_1519737524509{padding-top: 5px !important;padding-right: 5px !important;padding-bottom: 5px !important;background-color: #ffffff !important;}&#8220; el_class=&#8220;product-image&#8220; link=&#8220;\/de\/produkte\/led-lighting-systems\/&#8220;][\/vc_column][vc_column css_animation=&#8220;none&#8220; width=&#8220;1\/4&#8243; css=&#8220;.vc_custom_1514976192077{margin-top: 0px !important;margin-right: 0px !important;margin-bottom: 0px !important;margin-left: 0px !important;border-top-width: 0px !important;border-right-width: 0px !important;border-bottom-width: 0px !important;border-left-width: 0px !important;padding-top: 0px !important;padding-right: 0px !important;padding-bottom: 0px !important;padding-left: 0px !important;}&#8220;][vc_single_image image=&#8220;8679&#8243; img_size=&#8220;full&#8220; add_caption=&#8220;yes&#8220; onclick=&#8220;custom_link&#8220; css_animation=&#8220;fadeInUp&#8220; css=&#8220;.vc_custom_1755610543436{padding-top: 5px !important;padding-right: 5px !important;padding-bottom: 5px !important;padding-left: 5px !important;background-color: #ffffff !important;}&#8220; el_class=&#8220;product-image&#8220; link=&#8220;\/de\/produkte\/gelaender\/&#8220;][\/vc_column][vc_column css_animation=&#8220;fadeInUp&#8220; width=&#8220;1\/4&#8243; css=&#8220;.vc_custom_1514976200345{margin-top: 0px !important;margin-right: 0px !important;margin-bottom: 0px !important;margin-left: 0px !important;border-top-width: 0px !important;border-right-width: 0px !important;border-bottom-width: 0px !important;border-left-width: 0px !important;padding-top: 0px !important;padding-right: 0px !important;padding-bottom: 0px !important;padding-left: 0px !important;}&#8220;][vc_single_image image=&#8220;8682&#8243; img_size=&#8220;full&#8220; add_caption=&#8220;yes&#8220; onclick=&#8220;custom_link&#8220; css_animation=&#8220;fadeInUp&#8220; css=&#8220;.vc_custom_1755610616842{padding-top: 5px !important;padding-right: 5px !important;padding-bottom: 5px !important;padding-left: 5px !important;background-color: #ffffff !important;}&#8220; el_class=&#8220;product-image&#8220; link=&#8220;\/de\/produkte\/daecher\/&#8220;][\/vc_column][vc_column css_animation=&#8220;fadeInUp&#8220; width=&#8220;1\/4&#8243; css=&#8220;.vc_custom_1528461461419{margin-top: 0px !important;margin-right: 0px !important;margin-bottom: 0px !important;margin-left: 0px !important;border-top-width: 0px !important;border-right-width: 0px !important;border-bottom-width: 0px !important;border-left-width: 0px !important;padding-top: 0px !important;padding-right: 0px !important;padding-bottom: 0px !important;padding-left: 0px !important;}&#8220;][vc_single_image image=&#8220;10430&#8243; img_size=&#8220;full&#8220; add_caption=&#8220;yes&#8220; onclick=&#8220;custom_link&#8220; css_animation=&#8220;fadeInUp&#8220; css=&#8220;.vc_custom_1770205108830{padding-top: 5px !important;padding-right: 0px !important;padding-bottom: 5px !important;padding-left: 5px !important;background-color: #f0f0f0 !important;}&#8220; el_class=&#8220;product-image&#8220; link=&#8220;https:\/\/www.metaform.gr\/de\/produkte\/vertikale-beschattungssysteme\/&#8220;][\/vc_column][\/vc_row][vc_row][vc_column css_animation=&#8220;none&#8220; offset=&#8220;vc_col-lg-offset-1 vc_col-lg-10&#8243;][vc_column_text css_animation=&#8220;fadeInUp&#8220; css=&#8220;.vc_custom_1600341800313{padding-top: 70px !important;}&#8220; el_class=&#8220;products-content&#8220;]\r\n<h2 style=\"text-align: center;\"><strong>DIE BESTEN SCHATTL\u00d6SUNGEN<\/strong><\/h2>\r\nWenn Sie eine Pergola, Faltpergola, Aluminium-Pergola, Zeltpergola oder Pergola-Markise suchen, bieten wir Ihnen die am besten geeignete L\u00f6sung an.\r\n\r\nUnser Hauptziel ist es, Ihnen die besten Beschattungssysteme bereitzustellen, die:\r\n<ul>\r\n \t<li>ideale Entspannungsorte gestalten<\/li>\r\n \t<li>\u00fcber viele Jahre best\u00e4ndig sind<\/li>\r\n \t<li>und robust gegen Abnutzung sind<\/li>\r\n<\/ul>\r\nDie \u00dcberdachung Ihrer Au\u00dfenr\u00e4ume ist eine grundlegende Methode, die Lebensqualit\u00e4t in der Wohnung zu verbessern, da sie eine kosteng\u00fcnstige, intelligente und m\u00fchelose Entspannungsweise f\u00fcr Sie, Ihre Familie und Ihre Freunde gew\u00e4hrt. Unsere Firma bietet hochwertige Produkte, die von mehreren anerkannten und geltenden Zertifikaten begleitet werden. Die Pergola, Faltpergola, Aluminium-Pergola, Zeltpergola oder Pergola-Markise stellen nicht nur ideale L\u00f6sungen f\u00fcr H\u00e4user dar, sondern auch f\u00fcr Gewerber\u00e4ume.\r\n\r\nDaher bieten wir Beschattungssysteme mit hoher \u00c4sthetik, die f\u00fcr Unternehmen aller Art geeignet sind, da sie:\r\n<ul>\r\n \t<li>einen zus\u00e4tzlich zur Verf\u00fcgung stehenden Raum f\u00fcr den Kundenempfang bilden<\/li>\r\n \t<li>das \u00e4u\u00dfere Erscheinungsbild aller Gewerber\u00e4ume aufwerten<\/li>\r\n \t<li>ein angenehmes Klima schaffen<\/li>\r\n<\/ul>\r\nInvestieren Sie weise und vertrauen Sie uns bei der Installation von Beschattungssystemen. Wir bieten direkte L\u00f6sungen \u2013 selbst bei den schwierigsten Anwendungen \u2013 und gestalten das Design Ihres Raumes, um Ihren Bed\u00fcrfnissen und Ihrem pers\u00f6nlichen Stil gerecht zu werden.[\/vc_column_text][vc_custom_heading text=&#8220;Wir werden zu Ihrem Schatten&#8220; font_container=&#8220;tag:h3|text_align:center&#8220; use_theme_fonts=&#8220;yes&#8220; css_animation=&#8220;fadeInUp&#8220;][\/vc_column][\/vc_row]<\/div>","protected":false},"excerpt":{"rendered":"<p>[vc_row full_width=&#8220;stretch_row_content&#8220; equal_height=&#8220;yes&#8220; content_placement=&#8220;middle&#8220; parallax=&#8220;content-moving&#8220; parallax_image=&#8220;9084&#8243; parallax_speed_bg=&#8220;2&#8243; css=&#8220;.vc_custom_1764933770227{padding-top: 100px !important;padding-bottom: 160px !important;}&#8220; el_class=&#8220;cover company-cover&#8220;][vc_column][\/vc_column][\/vc_row][vc_row][vc_column css_animation=&#8220;none&#8220; offset=&#8220;vc_col-lg-offset-2 vc_col-lg-8&#8243;][vc_custom_heading text=&#8220;Aluminium Pergola Systeme&#8220; font_container=&#8220;tag:h1|text_align:left&#8220; google_fonts=&#8220;font_family:Open%20Sans%3A300%2C300italic%2Cregular%2Citalic%2C600%2C600italic%2C700%2C700italic%2C800%2C800italic|font_style:600%20bold%20regular%3A600%3Anormal&#8220; css_animation=&#8220;none&#8220;][vc_empty_space height=&#8220;1px&#8220;][vc_column_text] Unsere Produkte integrieren besondere Entwurfs- und Produktionselemente sowie konkrete Eigenschaften ausgew\u00e4hlter Materialien, um Ihnen immer Zuverl\u00e4ssigkeit, Funktionalit\u00e4t und \u00c4sthetik bieten zu k\u00f6nnen. [\/vc_column_text][vc_column_text css_animation=&#8220;fadeInUp&#8220; css=&#8220;.vc_custom_1600341484417{padding-bottom: 40px !important;}&#8220; el_class=&#8220;products-content&#8220;] Bieten wir die&#8230;  <a href=\"https:\/\/www.metaform.gr\/de\/produkte\/\" class=\"more-link\" title=\"Read Produkte\">Read more &raquo;<\/a><\/p>\n","protected":false},"author":73,"featured_media":2674,"parent":0,"menu_order":0,"comment_status":"closed","ping_status":"closed","template":"page-product-categories.php","meta":{"_acf_changed":false,"ngg_post_thumbnail":0,"footnotes":""},"class_list":["post-2325","page","type-page","status-publish","has-post-thumbnail","hentry"],"acf":[],"_links":{"self":[{"href":"https:\/\/www.metaform.gr\/de\/wp-json\/wp\/v2\/pages\/2325","targetHints":{"allow":["GET"]}}],"collection":[{"href":"https:\/\/www.metaform.gr\/de\/wp-json\/wp\/v2\/pages"}],"about":[{"href":"https:\/\/www.metaform.gr\/de\/wp-json\/wp\/v2\/types\/page"}],"author":[{"embeddable":true,"href":"https:\/\/www.metaform.gr\/de\/wp-json\/wp\/v2\/users\/73"}],"replies":[{"embeddable":true,"href":"https:\/\/www.metaform.gr\/de\/wp-json\/wp\/v2\/comments?post=2325"}],"version-history":[{"count":8,"href":"https:\/\/www.metaform.gr\/de\/wp-json\/wp\/v2\/pages\/2325\/revisions"}],"predecessor-version":[{"id":10443,"href":"https:\/\/www.metaform.gr\/de\/wp-json\/wp\/v2\/pages\/2325\/revisions\/10443"}],"wp:featuredmedia":[{"embeddable":true,"href":"https:\/\/www.metaform.gr\/de\/wp-json\/wp\/v2\/media\/2674"}],"wp:attachment":[{"href":"https:\/\/www.metaform.gr\/de\/wp-json\/wp\/v2\/media?parent=2325"}],"curies":[{"name":"wp","href":"https:\/\/api.w.org\/{rel}","templated":true}]}}