{"id":2275,"date":"2018-02-09T13:41:02","date_gmt":"2018-02-09T13:41:02","guid":{"rendered":"https:\/\/www.metaform.gr\/?page_id=2275"},"modified":"2025-12-14T13:31:36","modified_gmt":"2025-12-14T11:31:36","slug":"haeufig-gestellte-fragen","status":"publish","type":"page","link":"https:\/\/www.metaform.gr\/de\/haeufig-gestellte-fragen\/","title":{"rendered":"H\u00e4ufig gestellte Fragen"},"content":{"rendered":"<div class=\"wpb-content-wrapper\">[vc_row css=&#8220;.vc_custom_1516789705727{padding-top: 50px !important;padding-bottom: 50px !important;}&#8220;][vc_column][vc_custom_heading text=&#8220;H\u00e4ufige Fragen&#8220; font_container=&#8220;tag:h1|text_align:center&#8220; use_theme_fonts=&#8220;yes&#8220; css_animation=&#8220;fadeInUp&#8220;][\/vc_column][\/vc_row][vc_row][vc_column css_animation=&#8220;none&#8220; offset=&#8220;vc_col-lg-offset-2 vc_col-lg-8&#8243;][vc_column_text css_animation=&#8220;fadeInUp&#8220; css=&#8220;.vc_custom_1530695435545{padding-bottom: 40px !important;}&#8220; el_class=&#8220;products-content&#8220;]\r\n<p style=\"text-align: center;\">Haben Sie eine Frage? Hier k\u00f6nnen Sie Antworten auf die am h\u00e4ufigsten von unseren Kunden gestellten Fragen finden.<\/p>\r\n[\/vc_column_text][\/vc_column][\/vc_row][vc_row][vc_column css_animation=&#8220;fadeInUp&#8220; width=&#8220;1\/2&#8243;][vc_toggle title=&#8220;Welche \u00d6ffnungszeiten hat MetaForm?&#8220; style=&#8220;simple&#8220; color=&#8220;green&#8220; custom_font_container=&#8220;tag:h2|font_size:18|text_align:left&#8220; custom_use_theme_fonts=&#8220;yes&#8220; css=&#8220;&#8220; use_custom_heading=&#8220;true&#8220;]Die \u00d6ffnungszeiten unserer Firma sind 08:00 bis 16:30 Uhr, UTC +3, von Montag bis Freitag.[\/vc_toggle][vc_toggle title=&#8220;Wo kann ich Ihre Produkte erwerben?&#8220; style=&#8220;simple&#8220; color=&#8220;green&#8220; custom_font_container=&#8220;tag:h2|font_size:18|text_align:left&#8220; custom_use_theme_fonts=&#8220;yes&#8220; css=&#8220;&#8220; use_custom_heading=&#8220;true&#8220;]MetaForm AG ist eine Konstruktionsfirma f\u00fcr Beschattungssysteme.\r\n<ul>\r\n \t<li>Wenn Sie in der \u00dcberdachungsbranche t\u00e4tig sind, k\u00f6nnen Sie sich direkt an unsere Firma wenden.<\/li>\r\n \t<li>Wenn Sie eine Privatperson oder Gesch\u00e4ftseigent\u00fcmer sind, wenden Sie sich bitte an einen Mitarbeiter unserer Firma, der die Installation \u00fcbernehmen wird.<\/li>\r\n<\/ul>\r\n[\/vc_toggle][vc_toggle title=&#8220;Wie kann ich einen Mitarbeiter von MetaForm finden?&#8220; style=&#8220;simple&#8220; color=&#8220;green&#8220; custom_font_container=&#8220;tag:h2|font_size:18|text_align:left&#8220; custom_use_theme_fonts=&#8220;yes&#8220; css=&#8220;&#8220; use_custom_heading=&#8220;true&#8220;]MetaForm hat Kunden in ganz Griechenland und im Ausland. Sie k\u00f6nnen eine E-Mail mit Ihren Daten an unsere Firma schicken, und wir werden Ihnen unseren n\u00e4chstgelegenen Mitarbeiter empfehlen.[\/vc_toggle][vc_toggle title=&#8220;Haben die Produkte von MetaForm eine Garantie?&#8220; style=&#8220;simple&#8220; color=&#8220;green&#8220; custom_font_container=&#8220;tag:h2|font_size:18|text_align:left&#8220; custom_use_theme_fonts=&#8220;yes&#8220; css=&#8220;&#8220; use_custom_heading=&#8220;true&#8220;]Alle Produkte von MetaForm besitzen das CE-Zertifikat und haben eine Garantie.\r\nSie k\u00f6nnen sie auf unserer Website finden oder von unserem Mitarbeiter \u2013 Ihrem Installateur verlangen.[\/vc_toggle][vc_toggle title=&#8220;Hat MetaForm ISO-Zertifizierungen?&#8220; style=&#8220;simple&#8220; color=&#8220;green&#8220; custom_font_container=&#8220;tag:h2|font_size:18|text_align:left&#8220; custom_use_theme_fonts=&#8220;yes&#8220; css=&#8220;&#8220; use_custom_heading=&#8220;true&#8220;]Ja, MetaForm ist stolz darauf, ISO-Zertifizierungen zu besitzen, die unser Engagement f\u00fcr Qualit\u00e4t und Exzellenz unterstreichen. F\u00fcr weitere Informationen k\u00f6nnen Sie unser <a href=\"https:\/\/www.metaform.gr\/wp-content\/uploads\/2025\/08\/Quality-Policy.pdf\" target=\"_blank\" rel=\"noopener\">Qualit\u00e4tspolitik-Dokument<\/a> einsehen.[\/vc_toggle][\/vc_column][vc_column css_animation=&#8220;fadeInUp&#8220; width=&#8220;1\/2&#8243;][vc_toggle title=&#8220;Wie kann ich bezahlen?&#8220; style=&#8220;simple&#8220; color=&#8220;green&#8220; custom_font_container=&#8220;tag:h2|font_size:18|text_align:left&#8220; custom_use_theme_fonts=&#8220;yes&#8220; use_custom_heading=&#8220;true&#8220;]Wir akzeptieren Zahlungen in bar, \u00dcberweisungen und alle Bankkarten.[\/vc_toggle][vc_toggle title=&#8220;Wo kann ich Ihre Produkte sehen?&#8220; style=&#8220;simple&#8220; color=&#8220;green&#8220; custom_font_container=&#8220;tag:h2|font_size:18|text_align:left&#8220; custom_use_theme_fonts=&#8220;yes&#8220; css=&#8220;&#8220; use_custom_heading=&#8220;true&#8220;]Sie k\u00f6nnen die Einrichtungen von MetaForm besuchen, wo wir einen Showroom haben, und uns auf Messen finden, an denen wir teilnehmen.[\/vc_toggle][vc_toggle title=&#8220;Wie kann ich mich in die Newsletter-Liste eintragen?&#8220; style=&#8220;simple&#8220; color=&#8220;green&#8220; custom_font_container=&#8220;tag:h2|font_size:18|text_align:left&#8220; custom_use_theme_fonts=&#8220;yes&#8220; use_custom_heading=&#8220;true&#8220;]Sie k\u00f6nnen sich mit dem Registrierungsformular f\u00fcr den Newsletter im unteren Teil der Hauptseite unserer Website registrieren lassen.[\/vc_toggle][vc_toggle title=&#8220;Wie kann ich mich aus der Newsletter-Liste streichen lassen?&#8220; style=&#8220;simple&#8220; color=&#8220;green&#8220; custom_font_container=&#8220;tag:h2|font_size:18|text_align:left&#8220; custom_use_theme_fonts=&#8220;yes&#8220; use_custom_heading=&#8220;true&#8220;]Sie k\u00f6nnen Ihre Registrierung r\u00fcckg\u00e4ngig machen, indem Sie auf den Link Streichen im unteren Teil des Newsletters, den Sie erhalten haben, klicken.[\/vc_toggle][\/vc_column][\/vc_row][vc_row][vc_column css_animation=&#8220;none&#8220; offset=&#8220;vc_col-lg-offset-2 vc_col-lg-8&#8243; css=&#8220;.vc_custom_1516790075992{padding-top: 30px !important;}&#8220;][vc_column_text css_animation=&#8220;fadeInUp&#8220; css=&#8220;.vc_custom_1600345040772{padding-bottom: 40px !important;}&#8220; el_class=&#8220;products-content&#8220;]\r\n<h2 style=\"text-align: center;\">Sie haben keine Antwort auf Ihre Frage gefunden?<\/h2>\r\n<h3 style=\"text-align: center;\">Kontaktieren Sie uns \u00fcber das Kontaktformular.<\/h3>\r\n[\/vc_column_text][\/vc_column][\/vc_row][vc_row full_width=&#8220;stretch_row_content&#8220; equal_height=&#8220;yes&#8220;][vc_column css_animation=&#8220;none&#8220; width=&#8220;1\/2&#8243; css=&#8220;.vc_custom_1514976123410{margin-top: 0px !important;margin-right: 0px !important;margin-bottom: 0px !important;margin-left: 0px !important;border-top-width: 0px !important;border-right-width: 0px !important;border-bottom-width: 0px !important;border-left-width: 0px !important;padding-top: 0px !important;padding-right: 0px !important;padding-bottom: 0px !important;padding-left: 0px !important;}&#8220;][vc_single_image image=&#8220;3181&#8243; img_size=&#8220;full&#8220; add_caption=&#8220;yes&#8220; onclick=&#8220;custom_link&#8220; css_animation=&#8220;fadeInUp&#8220; css=&#8220;.vc_custom_1519737461161{padding-top: 5px !important;padding-right: 5px !important;padding-bottom: 5px !important;background-color: #ffffff !important;}&#8220; el_class=&#8220;product-image&#8220; link=&#8220;\/de\/produkte\/pergolen\/&#8220;][\/vc_column][vc_column css_animation=&#8220;none&#8220; width=&#8220;1\/2&#8243; css=&#8220;.vc_custom_1514976151361{margin-top: 0px !important;margin-right: 0px !important;margin-bottom: 0px !important;margin-left: 0px !important;border-top-width: 0px !important;border-right-width: 0px !important;border-bottom-width: 0px !important;border-left-width: 0px !important;padding-top: 0px !important;padding-right: 0px !important;padding-bottom: 0px !important;padding-left: 0px !important;}&#8220;][vc_single_image image=&#8220;3184&#8243; img_size=&#8220;full&#8220; add_caption=&#8220;yes&#8220; onclick=&#8220;custom_link&#8220; css_animation=&#8220;fadeInUp&#8220; css=&#8220;.vc_custom_1519737498740{padding-top: 5px !important;padding-right: 0px !important;padding-bottom: 5px !important;padding-left: 5px !important;background-color: #ffffff !important;}&#8220; el_class=&#8220;product-image&#8220; link=&#8220;\/de\/produkte\/bioklimatische-pergolen\/&#8220;][\/vc_column][\/vc_row][vc_row full_width=&#8220;stretch_row_content&#8220; equal_height=&#8220;yes&#8220;][vc_column css_animation=&#8220;none&#8220; width=&#8220;1\/4&#8243; css=&#8220;.vc_custom_1514976184128{margin-top: 0px !important;margin-right: 0px !important;margin-bottom: 0px !important;margin-left: 0px !important;border-top-width: 0px !important;border-right-width: 0px !important;border-bottom-width: 0px !important;border-left-width: 0px !important;padding-top: 0px !important;padding-right: 0px !important;padding-bottom: 0px !important;padding-left: 0px !important;}&#8220;][vc_single_image image=&#8220;3187&#8243; img_size=&#8220;full&#8220; add_caption=&#8220;yes&#8220; onclick=&#8220;custom_link&#8220; css_animation=&#8220;fadeInUp&#8220; css=&#8220;.vc_custom_1519737524509{padding-top: 5px !important;padding-right: 5px !important;padding-bottom: 5px !important;background-color: #ffffff !important;}&#8220; el_class=&#8220;product-image&#8220; link=&#8220;\/de\/produkte\/led-lighting-systems\/&#8220;][\/vc_column][vc_column css_animation=&#8220;none&#8220; width=&#8220;1\/4&#8243; css=&#8220;.vc_custom_1514976192077{margin-top: 0px !important;margin-right: 0px !important;margin-bottom: 0px !important;margin-left: 0px !important;border-top-width: 0px !important;border-right-width: 0px !important;border-bottom-width: 0px !important;border-left-width: 0px !important;padding-top: 0px !important;padding-right: 0px !important;padding-bottom: 0px !important;padding-left: 0px !important;}&#8220;][vc_single_image image=&#8220;8679&#8243; img_size=&#8220;full&#8220; add_caption=&#8220;yes&#8220; onclick=&#8220;custom_link&#8220; css_animation=&#8220;fadeInUp&#8220; css=&#8220;.vc_custom_1755610559539{padding-top: 5px !important;padding-right: 5px !important;padding-bottom: 5px !important;padding-left: 5px !important;background-color: #ffffff !important;}&#8220; el_class=&#8220;product-image&#8220; link=&#8220;\/de\/produkte\/gelaender\/&#8220;][\/vc_column][vc_column css_animation=&#8220;fadeInUp&#8220; width=&#8220;1\/4&#8243; css=&#8220;.vc_custom_1514976200345{margin-top: 0px !important;margin-right: 0px !important;margin-bottom: 0px !important;margin-left: 0px !important;border-top-width: 0px !important;border-right-width: 0px !important;border-bottom-width: 0px !important;border-left-width: 0px !important;padding-top: 0px !important;padding-right: 0px !important;padding-bottom: 0px !important;padding-left: 0px !important;}&#8220;][vc_single_image image=&#8220;8682&#8243; img_size=&#8220;full&#8220; add_caption=&#8220;yes&#8220; onclick=&#8220;custom_link&#8220; css_animation=&#8220;fadeInUp&#8220; css=&#8220;.vc_custom_1755610614807{padding-top: 5px !important;padding-right: 5px !important;padding-bottom: 5px !important;padding-left: 5px !important;background-color: #ffffff !important;}&#8220; el_class=&#8220;product-image&#8220; link=&#8220;\/de\/produkte\/daecher\/&#8220;][\/vc_column][vc_column css_animation=&#8220;fadeInUp&#8220; width=&#8220;1\/4&#8243; css=&#8220;.vc_custom_1528461461419{margin-top: 0px !important;margin-right: 0px !important;margin-bottom: 0px !important;margin-left: 0px !important;border-top-width: 0px !important;border-right-width: 0px !important;border-bottom-width: 0px !important;border-left-width: 0px !important;padding-top: 0px !important;padding-right: 0px !important;padding-bottom: 0px !important;padding-left: 0px !important;}&#8220;][vc_single_image image=&#8220;4016&#8243; img_size=&#8220;full&#8220; add_caption=&#8220;yes&#8220; onclick=&#8220;custom_link&#8220; css_animation=&#8220;fadeInUp&#8220; css=&#8220;.vc_custom_1528461489410{padding-top: 5px !important;padding-right: 0px !important;padding-bottom: 5px !important;padding-left: 5px !important;background-color: #ffffff !important;}&#8220; el_class=&#8220;product-image&#8220; link=&#8220;\/de\/produkte\/senkrechte-kassette-star\/&#8220;][\/vc_column][\/vc_row]<\/div>","protected":false},"excerpt":{"rendered":"<p>[vc_row css=&#8220;.vc_custom_1516789705727{padding-top: 50px !important;padding-bottom: 50px !important;}&#8220;][vc_column][vc_custom_heading text=&#8220;H\u00e4ufige Fragen&#8220; font_container=&#8220;tag:h1|text_align:center&#8220; use_theme_fonts=&#8220;yes&#8220; css_animation=&#8220;fadeInUp&#8220;][\/vc_column][\/vc_row][vc_row][vc_column css_animation=&#8220;none&#8220; offset=&#8220;vc_col-lg-offset-2 vc_col-lg-8&#8243;][vc_column_text css_animation=&#8220;fadeInUp&#8220; css=&#8220;.vc_custom_1530695435545{padding-bottom: 40px !important;}&#8220; el_class=&#8220;products-content&#8220;] Haben Sie eine Frage? Hier k\u00f6nnen Sie Antworten auf die am h\u00e4ufigsten von unseren Kunden gestellten Fragen finden. [\/vc_column_text][\/vc_column][\/vc_row][vc_row][vc_column css_animation=&#8220;fadeInUp&#8220; width=&#8220;1\/2&#8243;][vc_toggle title=&#8220;Welche \u00d6ffnungszeiten hat MetaForm?&#8220; style=&#8220;simple&#8220; color=&#8220;green&#8220; custom_font_container=&#8220;tag:h2|font_size:18|text_align:left&#8220; custom_use_theme_fonts=&#8220;yes&#8220; css=&#8220;&#8220; use_custom_heading=&#8220;true&#8220;]Die \u00d6ffnungszeiten unserer Firma sind 08:00&#8230;  <a href=\"https:\/\/www.metaform.gr\/de\/haeufig-gestellte-fragen\/\" class=\"more-link\" title=\"Read H\u00e4ufig gestellte Fragen\">Read more &raquo;<\/a><\/p>\n","protected":false},"author":73,"featured_media":2674,"parent":0,"menu_order":0,"comment_status":"closed","ping_status":"closed","template":"","meta":{"_acf_changed":false,"ngg_post_thumbnail":0,"footnotes":""},"class_list":["post-2275","page","type-page","status-publish","has-post-thumbnail","hentry"],"acf":[],"_links":{"self":[{"href":"https:\/\/www.metaform.gr\/de\/wp-json\/wp\/v2\/pages\/2275","targetHints":{"allow":["GET"]}}],"collection":[{"href":"https:\/\/www.metaform.gr\/de\/wp-json\/wp\/v2\/pages"}],"about":[{"href":"https:\/\/www.metaform.gr\/de\/wp-json\/wp\/v2\/types\/page"}],"author":[{"embeddable":true,"href":"https:\/\/www.metaform.gr\/de\/wp-json\/wp\/v2\/users\/73"}],"replies":[{"embeddable":true,"href":"https:\/\/www.metaform.gr\/de\/wp-json\/wp\/v2\/comments?post=2275"}],"version-history":[{"count":10,"href":"https:\/\/www.metaform.gr\/de\/wp-json\/wp\/v2\/pages\/2275\/revisions"}],"predecessor-version":[{"id":9499,"href":"https:\/\/www.metaform.gr\/de\/wp-json\/wp\/v2\/pages\/2275\/revisions\/9499"}],"wp:featuredmedia":[{"embeddable":true,"href":"https:\/\/www.metaform.gr\/de\/wp-json\/wp\/v2\/media\/2674"}],"wp:attachment":[{"href":"https:\/\/www.metaform.gr\/de\/wp-json\/wp\/v2\/media?parent=2275"}],"curies":[{"name":"wp","href":"https:\/\/api.w.org\/{rel}","templated":true}]}}