{"id":2273,"date":"2018-02-09T13:39:15","date_gmt":"2018-02-09T13:39:15","guid":{"rendered":"https:\/\/www.metaform.gr\/?page_id=2273"},"modified":"2026-01-16T13:07:26","modified_gmt":"2026-01-16T11:07:26","slug":"das-unternehmen","status":"publish","type":"page","link":"https:\/\/www.metaform.gr\/de\/das-unternehmen\/","title":{"rendered":"Das Unternehmen"},"content":{"rendered":"<div class=\"wpb-content-wrapper\"><p>[vc_row full_width=&#8220;stretch_row_content&#8220; equal_height=&#8220;yes&#8220; content_placement=&#8220;middle&#8220; parallax=&#8220;content-moving&#8220; parallax_speed_bg=&#8220;2&#8243;][vc_column css=&#8220;.vc_custom_1716284008754{padding-top: 0px !important;padding-right: 0px !important;padding-bottom: 0px !important;padding-left: 0px !important;}&#8220; el_class=&#8220;w100&#8243;][vc_single_image image=&#8220;7358&#8243; img_size=&#8220;full&#8220; css_animation=&#8220;fadeIn&#8220; css=&#8220;&#8220;][\/vc_column][\/vc_row][vc_row full_width=&#8220;stretch_row&#8220; el_class=&#8220;cover-mask company-mask&#8220;][vc_column][\/vc_column][\/vc_row][vc_row css=&#8220;.vc_custom_1514544404932{margin-top: -50px !important;}&#8220;][vc_column css_animation=&#8220;none&#8220; offset=&#8220;vc_col-lg-offset-2 vc_col-lg-8&#8243;][vc_custom_heading text=&#8220;Unser Unternehmen&#8220; font_container=&#8220;tag:h1|text_align:center|color:%2371902C&#8220; google_fonts=&#8220;font_family:Open%20Sans%3A300%2C300italic%2Cregular%2Citalic%2C600%2C600italic%2C700%2C700italic%2C800%2C800italic|font_style:700%20bold%20regular%3A700%3Anormal&#8220; css_animation=&#8220;none&#8220; css=&#8220;&#8220;][vc_column_text css_animation=&#8220;fadeInUp&#8220; css=&#8220;.vc_custom_1762852136986{padding-bottom: 40px !important;}&#8220; el_class=&#8220;products-content&#8220;]<\/p>\r\n<p style=\"text-align: center;\">&nbsp;<\/p>\r\n<p style=\"text-align: center;\">MetaForm hat seinen Sitz in Thessaloniki, Griechenland, und verf\u00fcgt \u00fcber langj\u00e4hrige Erfahrung in der <strong>Entwicklung <\/strong>und<strong> Herstellung <\/strong>von<strong> Beschattungssystemen f\u00fcr den Au\u00dfenbereich.<\/strong><\/p>\r\n<p style=\"text-align: center;\">Unsere 13.000 m\u00b2 gro\u00dfe Anlage in Privatbesitz befindet sich am 18. km der Nationalstra\u00dfe Thessaloniki-Kavala und beherbergt Produktionsbereiche, die mit <strong>modernsten Maschinen<\/strong> ausgestattet sind, sodass wir fortschrittliche Beschattungsl\u00f6sungen f\u00fcr jedes Projekt herstellen k\u00f6nnen. Wir sind bestrebt, unseren Kunden hochwertige Produkte und Dienstleistungen anzubieten und ihre Erwartungen zu erf\u00fcllen.<\/p>\r\n<p>[\/vc_column_text][\/vc_column][\/vc_row][vc_row full_width=&#8220;stretch_row_content&#8220; equal_height=&#8220;yes&#8220;][vc_column css_animation=&#8220;none&#8220; width=&#8220;1\/2&#8243; css=&#8220;.vc_custom_1514976123410{margin-top: 0px !important;margin-right: 0px !important;margin-bottom: 0px !important;margin-left: 0px !important;border-top-width: 0px !important;border-right-width: 0px !important;border-bottom-width: 0px !important;border-left-width: 0px !important;padding-top: 0px !important;padding-right: 0px !important;padding-bottom: 0px !important;padding-left: 0px !important;}&#8220;][vc_video link=&#8220;https:\/\/www.youtube.com\/watch?v=MFuALVCwkK0&#8243; css_animation=&#8220;fadeInUp&#8220;][\/vc_column][vc_column css_animation=&#8220;none&#8220; width=&#8220;1\/2&#8243; css=&#8220;.vc_custom_1531300825314{margin-top: 0px !important;margin-right: 0px !important;margin-bottom: 0px !important;margin-left: 0px !important;border-top-width: 0px !important;border-right-width: 0px !important;border-bottom-width: 0px !important;border-left-width: 0px !important;padding-top: 0px !important;padding-right: 15px !important;padding-bottom: 0px !important;padding-left: 15px !important;}&#8220;][vc_column_text css_animation=&#8220;fadeInUp&#8220; css=&#8220;.vc_custom_1762852159703{padding-left: 30px !important;}&#8220; el_class=&#8220;products-content&#8220;]<\/p>\r\n<h2 style=\"font-size: 32px; color: #333; line-height: 32px;\"><strong>Pergolen &amp; Beschattungssysteme<\/strong><\/h2>\r\n<p>MetaForm ist seit 1999 im Bereich Pergolen und Beschattungssysteme t\u00e4tig und geh\u00f6rt zu den bekanntesten Unternehmen in Griechenland und im Ausland. Von der ersten griechischen Pergola, die 2005 vorgestellt wurde, bis hin zur bioklimatischen Pergola zwei Jahre sp\u00e4ter hat das Unternehmen seinen Namen mit Innovation und kontinuierlicher Weiterentwicklung im Design von Au\u00dfenstrukturen verbunden.<\/p>\r\n<p>Unsere ausschlie\u00dfliche Spezialisierung auf Pergolen hat es uns erm\u00f6glicht, eine der umfassendsten Produktreihen auf dem Markt zu entwickeln, die Know-how, Qualit\u00e4t und \u00e4sthetische Vorz\u00fcglichkeit vereint. Gleichzeitig ist <strong>MetaForm<\/strong> sowohl auf dem griechischen als auch auf dem internationalen Markt stark vertreten, da es seit 2007 an den gr\u00f6\u00dften Messen der Branche weltweit teilnimmt und griechische Innovationen im Ausland kontinuierlich pr\u00e4sentiert.<\/p>\r\n<p>Mit unserem Know-how und unserer Erfahrung bieten wir zuverl\u00e4ssige Optionen wie <a href=\"https:\/\/www.metaform.gr\/de\/produkte\/bioklimatische-pergolen\/\"><strong>bioklimatische Pergolen<\/strong><\/a>, <a href=\"https:\/\/www.metaform.gr\/de\/produkte\/pergolen\/\"><strong>Aluminiumpergolen<\/strong><\/a> und <a href=\"https:\/\/www.metaform.gr\/de\/produkte\/cross-pergolen\/\"><strong>moderne Beschattungssysteme<\/strong><\/a>, die jeden Raum aufwerten. Gleichzeitig unterst\u00fctzt MetaForm Fachleute durch Gro\u00dfhandelsdienstleistungen mit Produkten, die sich durch ihre Qualit\u00e4t und Langlebigkeit auszeichnen.<\/p>\r\n<p>&nbsp;[\/vc_column_text][\/vc_column][\/vc_row][vc_row full_width=&#8220;stretch_row&#8220; content_placement=&#8220;middle&#8220; css=&#8220;.vc_custom_1516352426326{padding-bottom: 40px !important;background-color: #f0f0f0 !important;}&#8220;][vc_column width=&#8220;1\/2&#8243;][vc_custom_heading text=&#8220;Qualit\u00e4tsgarantie&#8220; font_container=&#8220;tag:h3|text_align:left&#8220; use_theme_fonts=&#8220;yes&#8220; css_animation=&#8220;fadeInUp&#8220; css=&#8220;&#8220;][vc_column_text css_animation=&#8220;fadeInUp&#8220; css=&#8220;&#8220; el_class=&#8220;products-content&#8220;]Bei MetaForm ist die <a href=\"https:\/\/www.metaform.gr\/de\/garantie-der-qualitaet\/\"><strong>Qualit\u00e4tsgarantie<\/strong><\/a> ein grundlegender Wert. Wir st\u00fctzen uns auf strenge Standards f\u00fcr die Produktentwicklung, Produktion und den Vertrieb und legen dabei besonderen Wert auf den Aufbau hochprofessioneller Partnerschaften.<\/p>\r\n<p>Durch kontinuierliche Forschung, Erfahrung und Innovation verbessern wir die technischen Eigenschaften, die Funktionalit\u00e4t und die \u00c4sthetik jedes <strong>Beschattungssystem f\u00fcr den Au\u00dfenbereich<\/strong> und liefern L\u00f6sungen, die sich durch ihre Zuverl\u00e4ssigkeit und Langlebigkeit auszeichnen.<\/p>\r\n<p><img decoding=\"async\" class=\"alignleft size-full wp-image-1524\" src=\"https:\/\/www.metaform.gr\/wp-content\/uploads\/2018\/01\/5-years-warranty.webp\" alt=\"5 Jahre Garantie\"><img decoding=\"async\" class=\"alignleft size-full wp-image-1529\" src=\"https:\/\/www.metaform.gr\/wp-content\/uploads\/2018\/01\/certified-products.webp\" alt=\"Pergolen zertifiziert mit CE\">[\/vc_column_text][\/vc_column][vc_column css_animation=&#8220;fadeInUp&#8220; width=&#8220;1\/2&#8243;][vc_single_image image=&#8220;3660&#8243; img_size=&#8220;full&#8220; css_animation=&#8220;fadeInUp&#8220;][\/vc_column][\/vc_row][vc_row full_width=&#8220;stretch_row&#8220; css=&#8220;.vc_custom_1516352417559{padding-bottom: 40px !important;}&#8220;][vc_column css_animation=&#8220;fadeInUp&#8220; width=&#8220;5\/12&#8243;][vc_custom_heading text=&#8220;Legende der Symbole&#8220; font_container=&#8220;tag:h4|text_align:left&#8220; use_theme_fonts=&#8220;yes&#8220; css_animation=&#8220;none&#8220;][vc_column_text css_animation=&#8220;none&#8220; el_class=&#8220;symbols&#8220;]<\/p>\r\n<div class=\"symbol\"><img decoding=\"async\" class=\"alignleft size-full wp-image-1453\" src=\"https:\/\/www.metaform.gr\/wp-content\/uploads\/2018\/01\/Electrical-motion.webp\" alt=\"Elektroantrieb\"><strong>Elektroantrieb<\/strong><br \/>\r\nElektroantrieb und Fernbedienung installierbar<\/div>\r\n<div class=\"symbol\"><img decoding=\"async\" class=\"alignleft size-full wp-image-1459\" src=\"https:\/\/www.metaform.gr\/wp-content\/uploads\/2018\/01\/RAL-Color-Selection.webp\" alt=\"Farbauswahl\"><strong>Farbauswahl<\/strong><br \/>\r\nF\u00e4rbung Ihrer Wahl nach zertifizierten Farbstandards<\/div>\r\n<div class=\"symbol\"><img decoding=\"async\" class=\"alignleft size-full wp-image-1465\" src=\"https:\/\/www.metaform.gr\/wp-content\/uploads\/2018\/01\/Sun-protection.webp\" alt=\"Sonnenschutz\"><strong>Sonnenschutz<\/strong><br \/>\r\nZertifizierter Schutz vor sch\u00e4dlicher UV-Strahlung<\/div>\r\n<div class=\"symbol\"><img decoding=\"async\" class=\"alignleft size-full wp-image-1468\" src=\"https:\/\/www.metaform.gr\/wp-content\/uploads\/2018\/01\/Sun-resistance.webp\" alt=\"Lichtbest\u00e4ndigkeit\"><strong>Lichtbest\u00e4ndigkeit<\/strong><br \/>\r\nErprobte Best\u00e4ndigkeit bei langer Sonnenexposition<\/div>\r\n<div class=\"symbol\"><img decoding=\"async\" class=\"alignleft size-full wp-image-1456\" src=\"https:\/\/www.metaform.gr\/wp-content\/uploads\/2018\/01\/Rain-Wind-Resistance.webp\" alt=\"Regen- und Windbest\u00e4ndigkeit\"><strong> Regen- und Windbest\u00e4ndigkeit<\/strong><br \/>\r\nHohe Witterungsbest\u00e4ndigkeit bei Regen, N\u00e4sse und Wind<\/div>\r\n<div class=\"symbol\"><img decoding=\"async\" class=\"alignleft size-full wp-image-1456\" src=\"https:\/\/www.metaform.gr\/wp-content\/uploads\/2018\/01\/Snow-Resistance-1.webp\" alt=\"Schneebest\u00e4ndigkeit\"><strong>Schneebest\u00e4ndigkeit<\/strong><br \/>\r\nBest\u00e4tigte Best\u00e4ndigkeit bei Schneefall<\/div>\r\n<p>[\/vc_column_text][\/vc_column][vc_column width=&#8220;7\/12&#8243;][vc_custom_heading text=&#8220;Wichtige technische Merkmale&#8220; font_container=&#8220;tag:h3|text_align:left&#8220; use_theme_fonts=&#8220;yes&#8220; css_animation=&#8220;fadeInUp&#8220; css=&#8220;&#8220;][vc_column_text css_animation=&#8220;fadeInUp&#8220; css=&#8220;&#8220; el_class=&#8220;products-content&#8220;]Bei der Entwicklung unserer Produkte legen wir <strong>besonderen Wert auf den Herstellungsprozess und die Auswahl der Materialien<\/strong>, damit sie stets Zuverl\u00e4ssigkeit, Funktionalit\u00e4t und hohe \u00c4sthetik vereinen.<\/p>\r\n<p>Dar\u00fcber hinaus bieten wir Optionen f\u00fcr Elektroantrieb, Fernbedienung, Automatisierung und Farbauswahl, um eine vollst\u00e4ndige Anpassung an die Anforderungen Ihres Raums zu erm\u00f6glichen. So kann eine <strong>elektrische Aluminium-Pergola<\/strong> den Komfort und die Nutzbarkeit Ihres Au\u00dfenbereichs verbessern.<\/p>\r\n<p>Alle unsere Produkte sind vollst\u00e4ndig anpassbar und decken selbst die anspruchsvollsten Anwendungen ab. Unter Ber\u00fccksichtigung der Besonderheiten jedes Raums empfehlen wir L\u00f6sungen, die unter allen Wetterbedingungen, im Winter wie im Sommer, Langlebigkeit und Sicherheit gew\u00e4hrleisten.[\/vc_column_text][\/vc_column][\/vc_row][vc_row full_width=&#8220;stretch_row&#8220; content_placement=&#8220;middle&#8220; css=&#8220;.vc_custom_1516352437905{padding-bottom: 40px !important;background-color: #f0f0f0 !important;}&#8220;][vc_column width=&#8220;1\/2&#8243;][vc_custom_heading text=&#8220;Innovative Beschattungssysteme&#8220; font_container=&#8220;tag:h3|text_align:left&#8220; use_theme_fonts=&#8220;yes&#8220; css_animation=&#8220;none&#8220; css=&#8220;&#8220;][vc_column_text css_animation=&#8220;fadeInUp&#8220; css=&#8220;&#8220;]<\/p>\r\n<div id=\"kainotoma_third_text_press\">\r\n<p>Bei unseren Systemen legen wir Wert auf Zuverl\u00e4ssigkeit, verbesserte Funktionalit\u00e4t, praktische Anwendbarkeit, einfache Handhabung und nat\u00fcrlich das hohe \u00e4sthetische Ergebnis des Endprodukts.<\/p>\r\n<p>In diesem Rahmen stechen folgende L\u00f6sungen hervor:<\/p>\r\n<p><strong><a href=\"https:\/\/www.metaform.gr\/de\/produkte\/pergolen\/top-star\/\">Top Star Pergola<\/a><\/strong><br \/>\r\nDank exklusiver Produktionstechnologie verf\u00fcgt sie \u00fcber eine faltbare Oberfl\u00e4che, die eine variable Abdeckung und Beschattung bietet und sich leicht an der Oberseite der F\u00fchrungen zusammenfalten l\u00e4sst.<\/p>\r\n<p><strong><a href=\"https:\/\/www.metaform.gr\/de\/produkte\/bioklimatische-pergolen\/persa\/\">Persa Pergola<\/a><\/strong><br \/>\r\nInnovative Technologie mit faltbaren Aluminiumlamellen mit variabler Neigung, die eine einstellbare Bel\u00fcftung und vollst\u00e4ndige Kontrolle \u00fcber die Beschattung gew\u00e4hrleisten.<\/p>\r\n<p><strong><a href=\"https:\/\/www.metaform.gr\/de\/produkte\/cross-pergolen\/lumia\/\">Lumia Pergola<\/a><\/strong><\/p>\r\n<p>Die Lumia Pergola von MetaForm f\u00fchrt die neue Kategorie der <a href=\"https:\/\/www.metaform.gr\/de\/produkte\/cross-pergolen\/\"><strong>Cross Pergolas<\/strong><\/a> ein, die nur bei uns erh\u00e4ltlich ist. Sie verf\u00fcgt \u00fcber gebogene Gegengewichte mit hochwertigem PVC Block Out und einen stabilen Rahmen mit umlaufenden Rinnen, die Eleganz und Langlebigkeit bei allen Wetterbedingungen bieten.<\/p>\r\n<p><strong><a href=\"https:\/\/www.metaform.gr\/de\/produkte\/daecher\/\">\u00dcberdachung<\/a><\/strong><\/p>\r\n<p>Eine erg\u00e4nzende L\u00f6sung, um die L\u00fccken zwischen der Pergola und dem Geb\u00e4ude zu \u00fcberbr\u00fccken und gleichzeitig die Beschattungsmaterialien zu sch\u00fctzen, wenn sie eingefahren sind.<\/div>\r\n<p>[\/vc_column_text][\/vc_column][vc_column css_animation=&#8220;fadeInUp&#8220; width=&#8220;1\/2&#8243;][vc_gallery interval=&#8220;5&#8243; images=&#8220;3685,3682,3679&#8243; img_size=&#8220;840&#215;560&#8243; css_animation=&#8220;fadeInUp&#8220;][\/vc_column][\/vc_row][vc_row full_width=&#8220;stretch_row_content&#8220; equal_height=&#8220;yes&#8220; css=&#8220;.vc_custom_1516353684004{padding-top: 40px !important;}&#8220;][vc_column css_animation=&#8220;none&#8220; width=&#8220;1\/2&#8243; css=&#8220;.vc_custom_1514976123410{margin-top: 0px !important;margin-right: 0px !important;margin-bottom: 0px !important;margin-left: 0px !important;border-top-width: 0px !important;border-right-width: 0px !important;border-bottom-width: 0px !important;border-left-width: 0px !important;padding-top: 0px !important;padding-right: 0px !important;padding-bottom: 0px !important;padding-left: 0px !important;}&#8220;][vc_single_image image=&#8220;3671&#8243; img_size=&#8220;full&#8220; css_animation=&#8220;fadeInUp&#8220; el_class=&#8220;width100&#8243;][\/vc_column][vc_column css_animation=&#8220;none&#8220; width=&#8220;1\/2&#8243; css=&#8220;.vc_custom_1531301407112{margin-top: 0px !important;margin-right: 0px !important;margin-bottom: 0px !important;margin-left: 0px !important;border-top-width: 0px !important;border-right-width: 0px !important;border-bottom-width: 0px !important;border-left-width: 0px !important;padding-top: 0px !important;padding-right: 15px !important;padding-bottom: 0px !important;padding-left: 15px !important;}&#8220;][vc_column_text css_animation=&#8220;fadeInUp&#8220; css=&#8220;.vc_custom_1762852326867{padding-left: 30px !important;}&#8220; el_class=&#8220;products-content&#8220;]<\/p>\r\n<h3>Forschung &amp; Technologie<\/h3>\r\n<p>MetaForm investiert kontinuierlich in Forschung und Technologie und entwickelt innovative Systeme, die sich durch Benutzerfreundlichkeit, Spitzenleistung und zeitgem\u00e4\u00dfes Design auszeichnen.<\/p>\r\n<p><a href=\"https:\/\/www.metaform.gr\/de\/produkte\/led-lighting-systems\/\"><strong>LED-Beleuchtungssysteme<\/strong><\/a><\/p>\r\n<p>Eine speziell zusammengestellte Kollektion von Beleuchtungsk\u00f6rpern und zugeh\u00f6rigem Zubeh\u00f6r, die mit Leuchtdioden-Technologie (LED) ausgestattet sind und sich durch Zuverl\u00e4ssigkeit, Wirtschaftlichkeit und beeindruckende Ergebnisse auszeichnen.<\/p>\r\n<p><a href=\"https:\/\/www.metaform.gr\/de\/produkte\/gelaender\/\"><strong>Aluminiumgel\u00e4nder<\/strong><\/a><\/p>\r\n<p>Eine effektive St\u00fctzl\u00f6sung f\u00fcr jede Pergola-Konstruktion, die Stabilit\u00e4t und Sicherheit bietet, mit integrierter oder externer Regenrinne.<\/p>\r\n<p><strong>Einsatz des Elektroantriebs<\/strong><\/p>\r\n<p>Exklusive Technik zur Integration eines Elektromotors (im Inneren des Pergola-Mastes \u2013 unsichtbarer Mechanismus) mit makelloser \u00c4sthetik und der M\u00f6glichkeit, zwei Mechanismen in ein und demselben Produkt zu installieren.[\/vc_column_text][\/vc_column][\/vc_row][vc_row full_width=&#8220;stretch_row_content_no_spaces&#8220; el_id=&#8220;map&#8220;][vc_column css_animation=&#8220;fadeInUp&#8220;][vc_raw_html]JTNDZGl2JTIwaWQlM0QlMjJmaW5kLXVzJTIyJTNFJTNDJTJGZGl2JTNF[\/vc_raw_html][\/vc_column][\/vc_row]<\/p>\r\n<\/div>","protected":false},"excerpt":{"rendered":"<p>[vc_row full_width=&#8220;stretch_row_content&#8220; equal_height=&#8220;yes&#8220; content_placement=&#8220;middle&#8220; parallax=&#8220;content-moving&#8220; parallax_speed_bg=&#8220;2&#8243;][vc_column css=&#8220;.vc_custom_1716284008754{padding-top: 0px !important;padding-right: 0px !important;padding-bottom: 0px !important;padding-left: 0px !important;}&#8220; el_class=&#8220;w100&#8243;][vc_single_image image=&#8220;7358&#8243; img_size=&#8220;full&#8220; css_animation=&#8220;fadeIn&#8220; css=&#8220;&#8220;][\/vc_column][\/vc_row][vc_row full_width=&#8220;stretch_row&#8220; el_class=&#8220;cover-mask company-mask&#8220;][vc_column][\/vc_column][\/vc_row][vc_row css=&#8220;.vc_custom_1514544404932{margin-top: -50px !important;}&#8220;][vc_column css_animation=&#8220;none&#8220; offset=&#8220;vc_col-lg-offset-2 vc_col-lg-8&#8243;][vc_custom_heading text=&#8220;Unser Unternehmen&#8220; font_container=&#8220;tag:h1|text_align:center|color:%2371902C&#8220; google_fonts=&#8220;font_family:Open%20Sans%3A300%2C300italic%2Cregular%2Citalic%2C600%2C600italic%2C700%2C700italic%2C800%2C800italic|font_style:700%20bold%20regular%3A700%3Anormal&#8220; css_animation=&#8220;none&#8220; css=&#8220;&#8220;][vc_column_text css_animation=&#8220;fadeInUp&#8220; css=&#8220;.vc_custom_1762852136986{padding-bottom: 40px !important;}&#8220; el_class=&#8220;products-content&#8220;] &nbsp; MetaForm hat seinen Sitz in Thessaloniki, Griechenland, und verf\u00fcgt \u00fcber langj\u00e4hrige Erfahrung in der&#8230;  <a href=\"https:\/\/www.metaform.gr\/de\/das-unternehmen\/\" class=\"more-link\" title=\"Read Das Unternehmen\">Read more &raquo;<\/a><\/p>\n","protected":false},"author":73,"featured_media":3685,"parent":0,"menu_order":0,"comment_status":"closed","ping_status":"closed","template":"page-contact.php","meta":{"_acf_changed":false,"ngg_post_thumbnail":0,"footnotes":""},"class_list":["post-2273","page","type-page","status-publish","has-post-thumbnail","hentry"],"acf":[],"_links":{"self":[{"href":"https:\/\/www.metaform.gr\/de\/wp-json\/wp\/v2\/pages\/2273","targetHints":{"allow":["GET"]}}],"collection":[{"href":"https:\/\/www.metaform.gr\/de\/wp-json\/wp\/v2\/pages"}],"about":[{"href":"https:\/\/www.metaform.gr\/de\/wp-json\/wp\/v2\/types\/page"}],"author":[{"embeddable":true,"href":"https:\/\/www.metaform.gr\/de\/wp-json\/wp\/v2\/users\/73"}],"replies":[{"embeddable":true,"href":"https:\/\/www.metaform.gr\/de\/wp-json\/wp\/v2\/comments?post=2273"}],"version-history":[{"count":9,"href":"https:\/\/www.metaform.gr\/de\/wp-json\/wp\/v2\/pages\/2273\/revisions"}],"predecessor-version":[{"id":9897,"href":"https:\/\/www.metaform.gr\/de\/wp-json\/wp\/v2\/pages\/2273\/revisions\/9897"}],"wp:featuredmedia":[{"embeddable":true,"href":"https:\/\/www.metaform.gr\/de\/wp-json\/wp\/v2\/media\/3685"}],"wp:attachment":[{"href":"https:\/\/www.metaform.gr\/de\/wp-json\/wp\/v2\/media?parent=2273"}],"curies":[{"name":"wp","href":"https:\/\/api.w.org\/{rel}","templated":true}]}}