{"id":1206,"date":"2017-12-15T15:07:00","date_gmt":"2017-12-15T15:07:00","guid":{"rendered":"https:\/\/www.metaform.gr\/?page_id=1206"},"modified":"2026-02-04T13:38:36","modified_gmt":"2026-02-04T11:38:36","slug":"1206-2-2","status":"publish","type":"page","link":"https:\/\/www.metaform.gr\/de\/","title":{"rendered":"Zuhause"},"content":{"rendered":"<div class=\"wpb-content-wrapper\">[vc_row full_width=&#8220;stretch_row_content&#8220; equal_height=&#8220;yes&#8220; el_class=&#8220;reverse-mobile&#8220;][vc_column width=&#8220;1\/2&#8243; css=&#8220;.vc_custom_1520425494347{padding-right: 0px !important;padding-left: 0px !important;}&#8220;][vc_single_image image=&#8220;7334&#8243; img_size=&#8220;full&#8220; css_animation=&#8220;fadeInUp&#8220; css=&#8220;&#8220; el_class=&#8220;width100&#8243;][\/vc_column][vc_column width=&#8220;1\/2&#8243; el_class=&#8220;homemaintext&#8220;][vc_column_text css_animation=&#8220;fadeInUp&#8220; css=&#8220;.vc_custom_1762857607924{padding-left: 30px !important;}&#8220; el_class=&#8220;guarantee-content homepage-company&#8220;]\r\n<h1><strong>MetaForm \u2013 Pergolen &amp; Beschattungssysteme<\/strong><\/h1>\r\nMetaForm mit Sitz in Thessaloniki, Griechenland, ist seit vielen Jahren im Bereich <strong>Beschattungssysteme<\/strong> t\u00e4tig und bietet L\u00f6sungen, die sich durch ihre Qualit\u00e4t und Langlebigkeit auszeichnen. Wir sind spezialisiert auf die Herstellung und Konstruktion von Aluminium-Pergolen aller Art, von klassischen Markisen bis hin zu <a href=\"https:\/\/www.metaform.gr\/de\/produkte\/bioklimatische-pergolen\/\"><strong>bioklimatischen Pergolen<\/strong><\/a> mit fortschrittlicher Technologie sowie vertikalen Beschattungssystemen, die sich perfekt an jeden Au\u00dfenbereich anpassen \u2013 von gro\u00dfen gewerblichen Anlagen bis hin zu kleineren privaten Bereichen.\r\n\r\nIn unserer 13.000 m\u00b2 gro\u00dfen Produktionsst\u00e4tte in Privatbesitz, die sich am 18. km der Nationalstra\u00dfe Thessaloniki-Kavala befindet, verf\u00fcgen wir \u00fcber modernste Anlagen, mit denen wir komplette und zuverl\u00e4ssige <strong>Beschattungssysteme<\/strong> und <a href=\"https:\/\/www.metaform.gr\/de\/produkte\/pergolen\/\"><strong>Au\u00dfenpergolen<\/strong><\/a> f\u00fcr jede Anwendung herstellen k\u00f6nnen.\r\n\r\nDank der langj\u00e4hrigen Erfahrung und technischen Ausbildung unseres Teams k\u00f6nnen wir ma\u00dfgeschneiderte L\u00f6sungen anbieten, die selbst den anspruchsvollsten professionellen Anforderungen gerecht werden. Vom ersten Entwurf bis zur endg\u00fcltigen Umsetzung bietet <a href=\"https:\/\/www.metaform.gr\/de\/das-unternehmen\/\"><strong>MetaForm<\/strong><\/a> langlebige Beschattungsprojekte, die das Image und den Wert jedes Raums aufwerten.\r\n\r\n&nbsp;[\/vc_column_text][\/vc_column][\/vc_row][vc_row full_width=&#8220;stretch_row&#8220; css=&#8220;.vc_custom_1520427972267{margin-top: 0px !important;padding-top: 0px !important;background-color: #f0f0f0 !important;}&#8220;][vc_column css=&#8220;.vc_custom_1520428048084{margin-top: 0px !important;padding-top: 20px !important;}&#8220;][vc_custom_heading text=&#8220;Unsere Produkte&#8220; font_container=&#8220;tag:h2|text_align:center&#8220; use_theme_fonts=&#8220;yes&#8220; css_animation=&#8220;fadeInUp&#8220; css=&#8220;&#8220; el_class=&#8220;strong&#8220;][vc_column_text css_animation=&#8220;fadeInUp&#8220; css=&#8220;&#8220; el_class=&#8220;products-content&#8220;]\r\n<p style=\"text-align: center;\">Unsere Produkte sind auf Funktionalit\u00e4t, Langlebigkeit und zeitgem\u00e4\u00dfe \u00c4sthetik ausgelegt.\r\nVon Aluminium-Pergolen bis hin zu speziellen Beschattungssystemen mit integrierter Beleuchtung und\r\nanderen erg\u00e4nzenden L\u00f6sungen \u2013 jede Konstruktion ist auf die Anforderungen Ihres Raums zugeschnitten und sorgt f\u00fcr Komfort und Schutz.<\/p>\r\n[\/vc_column_text][\/vc_column][\/vc_row][vc_row full_width=&#8220;stretch_row_content&#8220; equal_height=&#8220;yes&#8220; css=&#8220;.vc_custom_1520427295737{background-color: #f0f0f0 !important;}&#8220;][vc_column css_animation=&#8220;none&#8220; width=&#8220;1\/3&#8243; css=&#8220;.vc_custom_1514976123410{margin-top: 0px !important;margin-right: 0px !important;margin-bottom: 0px !important;margin-left: 0px !important;border-top-width: 0px !important;border-right-width: 0px !important;border-bottom-width: 0px !important;border-left-width: 0px !important;padding-top: 0px !important;padding-right: 0px !important;padding-bottom: 0px !important;padding-left: 0px !important;}&#8220;][vc_single_image image=&#8220;3181&#8243; img_size=&#8220;full&#8220; add_caption=&#8220;yes&#8220; onclick=&#8220;custom_link&#8220; css_animation=&#8220;fadeInUp&#8220; css=&#8220;.vc_custom_1689257571029{padding-top: 5px !important;padding-right: 5px !important;padding-bottom: 5px !important;background-color: #f0f0f0 !important;}&#8220; el_class=&#8220;product-image width100&#8243; link=&#8220;\/de\/produkte\/pergolen\/&#8220;][\/vc_column][vc_column css_animation=&#8220;none&#8220; width=&#8220;1\/3&#8243; css=&#8220;.vc_custom_1514976151361{margin-top: 0px !important;margin-right: 0px !important;margin-bottom: 0px !important;margin-left: 0px !important;border-top-width: 0px !important;border-right-width: 0px !important;border-bottom-width: 0px !important;border-left-width: 0px !important;padding-top: 0px !important;padding-right: 0px !important;padding-bottom: 0px !important;padding-left: 0px !important;}&#8220;][vc_single_image image=&#8220;7907&#8243; img_size=&#8220;full&#8220; add_caption=&#8220;yes&#8220; onclick=&#8220;custom_link&#8220; css_animation=&#8220;fadeInUp&#8220; css=&#8220;.vc_custom_1730986338355{padding-top: 5px !important;padding-right: 2.5px !important;padding-bottom: 5px !important;padding-left: 2.5px !important;background-color: #f0f0f0 !important;}&#8220; el_class=&#8220;product-image width100&#8243; link=&#8220;\/de\/produkte\/cross-pergolen\/&#8220;][\/vc_column][vc_column width=&#8220;1\/3&#8243; css=&#8220;.vc_custom_1730985889567{margin-top: 0px !important;margin-right: 0px !important;margin-bottom: 0px !important;margin-left: 0px !important;border-top-width: 0px !important;border-right-width: 0px !important;border-bottom-width: 0px !important;border-left-width: 0px !important;padding-top: 0px !important;padding-right: 0px !important;padding-bottom: 0px !important;padding-left: 0px !important;}&#8220;][vc_single_image image=&#8220;3184&#8243; img_size=&#8220;full&#8220; add_caption=&#8220;yes&#8220; onclick=&#8220;custom_link&#8220; css_animation=&#8220;fadeInUp&#8220; css=&#8220;.vc_custom_1689257578210{padding-top: 5px !important;padding-right: 0px !important;padding-bottom: 5px !important;padding-left: 5px !important;background-color: #f0f0f0 !important;}&#8220; el_class=&#8220;product-image width100&#8243; link=&#8220;\/de\/produkte\/bioklimatische-pergolen\/&#8220;][\/vc_column][\/vc_row][vc_row full_width=&#8220;stretch_row_content&#8220; equal_height=&#8220;yes&#8220; css=&#8220;.vc_custom_1520428088818{padding-bottom: 30px !important;background-color: #f0f0f0 !important;}&#8220;][vc_column css_animation=&#8220;none&#8220; width=&#8220;1\/4&#8243; css=&#8220;.vc_custom_1514976184128{margin-top: 0px !important;margin-right: 0px !important;margin-bottom: 0px !important;margin-left: 0px !important;border-top-width: 0px !important;border-right-width: 0px !important;border-bottom-width: 0px !important;border-left-width: 0px !important;padding-top: 0px !important;padding-right: 0px !important;padding-bottom: 0px !important;padding-left: 0px !important;}&#8220;][vc_single_image image=&#8220;3187&#8243; img_size=&#8220;full&#8220; add_caption=&#8220;yes&#8220; onclick=&#8220;custom_link&#8220; css_animation=&#8220;fadeInUp&#8220; css=&#8220;.vc_custom_1600088232051{padding-top: 5px !important;padding-right: 5px !important;padding-bottom: 5px !important;background-color: #f0f0f0 !important;}&#8220; el_class=&#8220;product-image&#8220; link=&#8220;\/de\/produkte\/led-lighting-systems\/&#8220;][\/vc_column][vc_column css_animation=&#8220;none&#8220; width=&#8220;1\/4&#8243; css=&#8220;.vc_custom_1514976192077{margin-top: 0px !important;margin-right: 0px !important;margin-bottom: 0px !important;margin-left: 0px !important;border-top-width: 0px !important;border-right-width: 0px !important;border-bottom-width: 0px !important;border-left-width: 0px !important;padding-top: 0px !important;padding-right: 0px !important;padding-bottom: 0px !important;padding-left: 0px !important;}&#8220;][vc_single_image image=&#8220;8679&#8243; img_size=&#8220;full&#8220; add_caption=&#8220;yes&#8220; onclick=&#8220;custom_link&#8220; css_animation=&#8220;fadeInUp&#8220; css=&#8220;.vc_custom_1755610463015{padding-top: 5px !important;padding-right: 5px !important;padding-bottom: 5px !important;padding-left: 5px !important;background-color: #f0f0f0 !important;}&#8220; el_class=&#8220;product-image&#8220; link=&#8220;\/de\/produkte\/gelaender\/&#8220;][\/vc_column][vc_column css_animation=&#8220;fadeInUp&#8220; width=&#8220;1\/4&#8243; css=&#8220;.vc_custom_1520427286156{margin-top: 0px !important;margin-right: 0px !important;margin-bottom: 0px !important;margin-left: 0px !important;border-top-width: 0px !important;border-right-width: 0px !important;border-bottom-width: 0px !important;border-left-width: 0px !important;padding-top: 0px !important;padding-right: 0px !important;padding-bottom: 0px !important;padding-left: 0px !important;background-color: #f0f0f0 !important;}&#8220;][vc_single_image image=&#8220;8682&#8243; img_size=&#8220;full&#8220; add_caption=&#8220;yes&#8220; onclick=&#8220;custom_link&#8220; css_animation=&#8220;fadeInUp&#8220; css=&#8220;.vc_custom_1755610527599{padding-top: 5px !important;padding-right: 5px !important;padding-bottom: 5px !important;padding-left: 5px !important;background-color: #f0f0f0 !important;}&#8220; el_class=&#8220;product-image&#8220; link=&#8220;\/de\/produkte\/daecher\/&#8220;][\/vc_column][vc_column css_animation=&#8220;fadeInUp&#8220; width=&#8220;1\/4&#8243; css=&#8220;.vc_custom_1528461816178{margin-top: 0px !important;margin-right: 0px !important;margin-bottom: 0px !important;margin-left: 0px !important;border-top-width: 0px !important;border-right-width: 0px !important;border-bottom-width: 0px !important;border-left-width: 0px !important;padding-top: 0px !important;padding-right: 0px !important;padding-bottom: 0px !important;padding-left: 0px !important;}&#8220;][vc_single_image image=&#8220;10430&#8243; img_size=&#8220;full&#8220; add_caption=&#8220;yes&#8220; onclick=&#8220;custom_link&#8220; css_animation=&#8220;fadeInUp&#8220; css=&#8220;.vc_custom_1770205108830{padding-top: 5px !important;padding-right: 0px !important;padding-bottom: 5px !important;padding-left: 5px !important;background-color: #f0f0f0 !important;}&#8220; el_class=&#8220;product-image&#8220; link=&#8220;https:\/\/www.metaform.gr\/de\/produkte\/vertikale-beschattungssysteme\/&#8220;][\/vc_column][\/vc_row][vc_row full_width=&#8220;stretch_row_content&#8220; equal_height=&#8220;yes&#8220; css=&#8220;.vc_custom_1520428200398{padding-top: 10px !important;padding-bottom: 10px !important;}&#8220;][vc_column width=&#8220;1\/2&#8243; css=&#8220;.vc_custom_1520425494347{padding-right: 0px !important;padding-left: 0px !important;}&#8220;][vc_gallery interval=&#8220;5&#8243; images=&#8220;1646,1649,1652&#8243; img_size=&#8220;840&#215;560&#8243; css_animation=&#8220;fadeInUp&#8220;][\/vc_column][vc_column width=&#8220;1\/2&#8243;][vc_column_text css_animation=&#8220;fadeInUp&#8220; css=&#8220;.vc_custom_1762857669775{padding-left: 30px !important;}&#8220; el_class=&#8220;guarantee-content&#8220;]\r\n<h2><strong>Garantie der Qualit\u00e4t<\/strong><\/h2>\r\nBei MetaForm ist die <a href=\"https:\/\/www.metaform.gr\/de\/garantie-der-qualitaet\/\"><strong>Qualit\u00e4tsgarantie<\/strong><\/a> unser grundlegendes Versprechen. Der Rahmen, an den wir uns halten, basiert sowohl auf den Praktiken und Standards, die wir bei der Entwicklung, Produktion und dem Vertrieb unserer Produkte anwenden, als auch auf unseren kontinuierlichen Bem\u00fchungen, professionelle Beziehungen auf hohem Niveau zu pflegen.\r\n\r\nDank unserer <strong>langj\u00e4hrigen Erfahrung<\/strong> in Verbindung mit <strong>technologischer Forschung<\/strong> und <strong>innovativen Anwendungen<\/strong> entwickeln wir die technischen Spezifikationen, die funktionalen Eigenschaften und die \u00c4sthetik der von uns hergestellten Beschattungs- und Abdecksysteme st\u00e4ndig weiter, um langlebige, zuverl\u00e4ssige und moderne L\u00f6sungen anbieten zu k\u00f6nnen.\r\n\r\n<img decoding=\"async\" class=\"alignleft wp-image-1523 size-full\" src=\"https:\/\/www.metaform.gr\/wp-content\/uploads\/2018\/01\/5-years-warranty.webp\" alt=\"5 Jahre Garantie\" width=\"60\" height=\"60\"><img decoding=\"async\" class=\"alignleft wp-image-1528 size-full\" src=\"https:\/\/www.metaform.gr\/wp-content\/uploads\/2018\/01\/certified-products.webp\" alt=\"Pergolen zertifiziert mit CE\" width=\"121\" height=\"35\">[\/vc_column_text][\/vc_column][\/vc_row][vc_row full_width=&#8220;stretch_row&#8220; css=&#8220;.vc_custom_1531298972314{padding-top: 20px !important;padding-bottom: 0px !important;background-color: #f0f0f0 !important;}&#8220; el_class=&#8220;home-latest&#8220;][vc_column css=&#8220;.vc_custom_1520428360308{margin-top: 0px !important;padding-top: 0px !important;}&#8220;][vc_custom_heading text=&#8220;Unsere neuesten Nachrichten&#8220; font_container=&#8220;tag:h2|text_align:center&#8220; use_theme_fonts=&#8220;yes&#8220; css_animation=&#8220;fadeInUp&#8220; css=&#8220;&#8220; el_class=&#8220;strong&#8220;][vc_column_text css_animation=&#8220;fadeInUp&#8220; css=&#8220;.vc_custom_1762857695708{margin-bottom: 10px !important;}&#8220; el_class=&#8220;products-content&#8220;]\r\n<p style=\"text-align: center;\">Entdecken Sie neue Anwendungen, Vorschl\u00e4ge und Beschattungsl\u00f6sungen, die Ihren Raum aufwerten.<\/p>\r\n[\/vc_column_text][vc_row_inner content_placement=&#8220;top&#8220; css=&#8220;.vc_custom_1520428399715{margin-bottom: 0px !important;padding-bottom: 0px !important;}&#8220;][vc_column_inner width=&#8220;7\/12&#8243; css=&#8220;.vc_custom_1520419357323{padding-top: 7px !important;padding-right: 7px !important;padding-bottom: 7px !important;padding-left: 7px !important;}&#8220;][vc_basic_grid post_type=&#8220;post&#8220; max_items=&#8220;1&#8243; element_width=&#8220;12&#8243; gap=&#8220;0&#8243; item=&#8220;3562&#8243; initial_loading_animation=&#8220;fadeInUp&#8220; grid_id=&#8220;vc_gid:1770205084218-01dc28aa-9c5f-7&#8243; taxonomies=&#8220;28&#8243; el_class=&#8220;home-first-post&#8220;][\/vc_column_inner][vc_column_inner width=&#8220;5\/12&#8243; css=&#8220;.vc_custom_1520419368974{padding-top: 7px !important;padding-right: 7px !important;padding-bottom: 7px !important;padding-left: 7px !important;}&#8220;][vc_basic_grid post_type=&#8220;post&#8220; max_items=&#8220;1&#8243; element_width=&#8220;12&#8243; gap=&#8220;0&#8243; item=&#8220;3576&#8243; initial_loading_animation=&#8220;fadeInUp&#8220; css=&#8220;.vc_custom_1520423689110{margin-bottom: 18px !important;}&#8220; grid_id=&#8220;vc_gid:1770205084219-bdbc0d3a-7679-3&#8243; taxonomies=&#8220;28&#8243; offset=&#8220;1&#8243;][vc_basic_grid post_type=&#8220;post&#8220; max_items=&#8220;1&#8243; element_width=&#8220;12&#8243; gap=&#8220;0&#8243; item=&#8220;3576&#8243; initial_loading_animation=&#8220;fadeInUp&#8220; grid_id=&#8220;vc_gid:1770205084219-1b551b9e-dae1-5&#8243; taxonomies=&#8220;28&#8243; offset=&#8220;2&#8243;][\/vc_column_inner][\/vc_row_inner][\/vc_column][\/vc_row][vc_row full_width=&#8220;stretch_row_content&#8220;][vc_column offset=&#8220;vc_hidden-xs&#8220;][vc_raw_html]JTVCaW5zdGFncmFtLWZlZWQlNUQ=[\/vc_raw_html][\/vc_column][\/vc_row][vc_row el_class=&#8220;newsletter&#8220;][vc_column width=&#8220;1\/12&#8243;][\/vc_column][vc_column width=&#8220;5\/12&#8243;][vc_column_text css_animation=&#8220;fadeInUp&#8220; css=&#8220;&#8220;]\r\n<h4><strong>NEWSLETTER ABONNIEREN<\/strong><\/h4>\r\n<span class=\"st\">Melden Sie sich f\u00fcr unseren Newsletter an, um exklusive Angebote, Ideen f\u00fcr Ihre R\u00e4umlichkeiten und die neuesten Nachrichten zu unseren Produkten und Dienstleistungen zu erhalten.<\/span>[\/vc_column_text][\/vc_column][vc_column css_animation=&#8220;fadeInUp&#8220; width=&#8220;5\/12&#8243;][vc_raw_html css=&#8220;&#8220;]JTNDZm9ybSUyMGFjdGlvbiUzRCUyMmh0dHBzJTNBJTJGJTJGbmV3c2xldHRlci5kaWFtYW50b2dsb3UuY29tJTJGc3Vic2NyaWJlJTIyJTIwbWV0aG9kJTNEJTIyUE9TVCUyMiUyMGFjY2VwdC1jaGFyc2V0JTNEJTIydXRmLTglMjIlMjBpZCUzRCUyMnNlbmR5JTIyJTNFJTBBJTA5JTNDbGFiZWwlMjBmb3IlM0QlMjJlbWFpbCUyMiUzRSUwQSUwOSUwOSUzQ3NwYW4lMjBjbGFzcyUzRCUyMnNyLW9ubHklMjIlM0VFbWFpbCUzQyUyRnNwYW4lM0UlMEElMDklMDklM0NpbnB1dCUyMHR5cGUlM0QlMjJlbWFpbCUyMiUyMG5hbWUlM0QlMjJlbWFpbCUyMiUyMGlkJTNEJTIyZW1haWwlMjIlMjBwbGFjZWhvbGRlciUzRCUyMkVtYWlsJTIyJTJGJTNFJTBBJTA5JTNDJTJGbGFiZWwlM0UlMEElMDklM0NkaXYlMjBzdHlsZSUzRCUyMmRpc3BsYXklM0Fub25lJTNCJTIyJTNFJTBBJTA5JTNDbGFiZWwlMjBmb3IlM0QlMjJocCUyMiUzRUhQJTNDJTJGbGFiZWwlM0UlM0NiciUyRiUzRSUwQSUwOSUzQ2lucHV0JTIwdHlwZSUzRCUyMnRleHQlMjIlMjBuYW1lJTNEJTIyaHAlMjIlMjBpZCUzRCUyMmhwJTIyJTJGJTNFJTBBJTA5JTNDJTJGZGl2JTNFJTBBJTA5JTNDaW5wdXQlMjB0eXBlJTNEJTIyaGlkZGVuJTIyJTIwbmFtZSUzRCUyMmxpc3QlMjIlMjB2YWx1ZSUzRCUyMk42eDlYMm16OVF3QkVGbUhPZkhxQlElMjIlMkYlM0UlMEElMDklM0NpbnB1dCUyMHR5cGUlM0QlMjJoaWRkZW4lMjIlMjBuYW1lJTNEJTIyc3ViZm9ybSUyMiUyMHZhbHVlJTNEJTIyeWVzJTIyJTJGJTNFJTBBJTA5JTNDZGl2JTIwY2xhc3MlM0QlMjJnaG9zdGJ1dHRvbiUyMiUzRSUzQ2lucHV0JTIwdHlwZSUzRCUyMnN1Ym1pdCUyMiUyMG5hbWUlM0QlMjJzdWJtaXQlMjIlMjBpZCUzRCUyMnN1Ym1pdCUyMiUyMHZhbHVlJTNEJTIyU3Vic2NyaWJlJTIyJTIwY2xhc3MlM0QlMjJidXR0b24lMjIlMjAlMkYlM0UlM0MlMkZkaXYlM0UlMEElM0MlMkZmb3JtJTNF[\/vc_raw_html][\/vc_column][vc_column width=&#8220;1\/12&#8243;][\/vc_column][\/vc_row]<\/div>","protected":false},"excerpt":{"rendered":"<p>[vc_row full_width=&#8220;stretch_row_content&#8220; equal_height=&#8220;yes&#8220; el_class=&#8220;reverse-mobile&#8220;][vc_column width=&#8220;1\/2&#8243; css=&#8220;.vc_custom_1520425494347{padding-right: 0px !important;padding-left: 0px !important;}&#8220;][vc_single_image image=&#8220;7334&#8243; img_size=&#8220;full&#8220; css_animation=&#8220;fadeInUp&#8220; css=&#8220;&#8220; el_class=&#8220;width100&#8243;][\/vc_column][vc_column width=&#8220;1\/2&#8243; el_class=&#8220;homemaintext&#8220;][vc_column_text css_animation=&#8220;fadeInUp&#8220; css=&#8220;.vc_custom_1762857607924{padding-left: 30px !important;}&#8220; el_class=&#8220;guarantee-content homepage-company&#8220;] MetaForm \u2013 Pergolen &amp; Beschattungssysteme MetaForm mit Sitz in Thessaloniki, Griechenland, ist seit vielen Jahren im Bereich Beschattungssysteme t\u00e4tig und bietet L\u00f6sungen, die sich durch ihre Qualit\u00e4t und Langlebigkeit auszeichnen. Wir sind&#8230;  <a href=\"https:\/\/www.metaform.gr\/de\/\" class=\"more-link\" title=\"Read Zuhause\">Read more &raquo;<\/a><\/p>\n","protected":false},"author":73,"featured_media":3620,"parent":0,"menu_order":0,"comment_status":"closed","ping_status":"closed","template":"page-homepage.php","meta":{"_acf_changed":false,"ngg_post_thumbnail":0,"footnotes":""},"class_list":["post-1206","page","type-page","status-publish","has-post-thumbnail","hentry"],"acf":[],"_links":{"self":[{"href":"https:\/\/www.metaform.gr\/de\/wp-json\/wp\/v2\/pages\/1206","targetHints":{"allow":["GET"]}}],"collection":[{"href":"https:\/\/www.metaform.gr\/de\/wp-json\/wp\/v2\/pages"}],"about":[{"href":"https:\/\/www.metaform.gr\/de\/wp-json\/wp\/v2\/types\/page"}],"author":[{"embeddable":true,"href":"https:\/\/www.metaform.gr\/de\/wp-json\/wp\/v2\/users\/73"}],"replies":[{"embeddable":true,"href":"https:\/\/www.metaform.gr\/de\/wp-json\/wp\/v2\/comments?post=1206"}],"version-history":[{"count":9,"href":"https:\/\/www.metaform.gr\/de\/wp-json\/wp\/v2\/pages\/1206\/revisions"}],"predecessor-version":[{"id":10433,"href":"https:\/\/www.metaform.gr\/de\/wp-json\/wp\/v2\/pages\/1206\/revisions\/10433"}],"wp:featuredmedia":[{"embeddable":true,"href":"https:\/\/www.metaform.gr\/de\/wp-json\/wp\/v2\/media\/3620"}],"wp:attachment":[{"href":"https:\/\/www.metaform.gr\/de\/wp-json\/wp\/v2\/media?parent=1206"}],"curies":[{"name":"wp","href":"https:\/\/api.w.org\/{rel}","templated":true}]}}